{"id":15216,"date":"2022-12-31T13:17:29","date_gmt":"2022-12-31T13:17:29","guid":{"rendered":"https:\/\/www.mercureistanbul.com\/?page_id=15216"},"modified":"2025-12-07T15:30:38","modified_gmt":"2025-12-07T15:30:38","slug":"fondotinta-capelli","status":"publish","type":"page","link":"https:\/\/www.mercureistanbul.com\/it\/fondotinta-capelli\/","title":{"rendered":"Fondotinta per Capelli"},"content":{"rendered":"\t\t<div data-elementor-type=\"wp-page\" data-elementor-id=\"15216\" class=\"elementor elementor-15216\">\n\t\t\t\t\t\t<section class=\"elementor-section elementor-top-section elementor-element elementor-element-62bafbd elementor-section-height-min-height elementor-section-boxed elementor-section-height-default elementor-section-items-middle\" data-id=\"62bafbd\" data-element_type=\"section\" data-settings=\"{&quot;background_background&quot;:&quot;gradient&quot;}\">\n\t\t\t\t\t\t\t<div class=\"elementor-background-overlay\"><\/div>\n\t\t\t\t\t\t\t<div class=\"elementor-container elementor-column-gap-default\">\n\t\t\t\t\t<div class=\"elementor-column elementor-col-100 elementor-top-column elementor-element elementor-element-23d7696\" data-id=\"23d7696\" data-element_type=\"column\" data-settings=\"{&quot;animation_mobile&quot;:&quot;fadeInUp&quot;}\">\n\t\t\t<div class=\"elementor-widget-wrap elementor-element-populated\">\n\t\t\t\t\t\t<div class=\"elementor-element elementor-element-e45d854 elementor-widget-divider--view-line elementor-widget elementor-widget-divider\" data-id=\"e45d854\" data-element_type=\"widget\" data-widget_type=\"divider.default\">\n\t\t\t\t<div class=\"elementor-widget-container\">\n\t\t\t\t\t<div class=\"elementor-divider\">\n\t\t\t<span class=\"elementor-divider-separator\">\n\t\t\t\t\t\t<\/span>\n\t\t<\/div>\n\t\t\t\t<\/div>\n\t\t\t\t<\/div>\n\t\t\t\t<div class=\"elementor-element elementor-element-922f8ea elementor-widget elementor-widget-heading\" data-id=\"922f8ea\" data-element_type=\"widget\" data-widget_type=\"heading.default\">\n\t\t\t\t<div class=\"elementor-widget-container\">\n\t\t\t<h2 class=\"elementor-heading-title elementor-size-default\"><b>La Fondazione Olandese per i Capelli<\/b>\n<\/h2>\t\t<\/div>\n\t\t\t\t<\/div>\n\t\t\t\t<div class=\"elementor-element elementor-element-6f90c83 elementor-widget-divider--view-line elementor-widget elementor-widget-divider\" data-id=\"6f90c83\" data-element_type=\"widget\" data-settings=\"{&quot;_animation_mobile&quot;:&quot;none&quot;}\" data-widget_type=\"divider.default\">\n\t\t\t\t<div class=\"elementor-widget-container\">\n\t\t\t\t\t<div class=\"elementor-divider\">\n\t\t\t<span class=\"elementor-divider-separator\">\n\t\t\t\t\t\t<\/span>\n\t\t<\/div>\n\t\t\t\t<\/div>\n\t\t\t\t<\/div>\n\t\t\t\t<div class=\"elementor-element elementor-element-10970fd elementor-widget elementor-widget-text-editor\" data-id=\"10970fd\" data-element_type=\"widget\" data-widget_type=\"text-editor.default\">\n\t\t\t\t<div class=\"elementor-widget-container\">\n\t\t\t\t\t\t\t<b>Siamo membri e detentori del marchio di qualit\u00e0 della Dutch Hair Foundation.<\/b>\n\t\t\t\t\t\t<\/div>\n\t\t\t\t<\/div>\n\t\t\t\t<div class=\"elementor-element elementor-element-fb85774 elementor-mobile-align-center elementor-widget elementor-widget-button\" data-id=\"fb85774\" data-element_type=\"widget\" data-widget_type=\"button.default\">\n\t\t\t\t<div class=\"elementor-widget-container\">\n\t\t\t\t\t\t\t<div class=\"elementor-button-wrapper\">\n\t\t\t\t\t<a class=\"elementor-button elementor-button-link elementor-size-sm\" href=\"http:\/\/wa.me\/905411548055\" target=\"_blank\" rel=\"noopener\">\n\t\t\t\t\t\t<span class=\"elementor-button-content-wrapper\">\n\t\t\t\t\t\t<span class=\"elementor-button-icon\">\n\t\t\t\t<i aria-hidden=\"true\" class=\"fas fa-chevron-circle-right\"><\/i>\t\t\t<\/span>\n\t\t\t\t\t\t\t\t\t<span class=\"elementor-button-text\">CONTATTACI<\/span>\n\t\t\t\t\t<\/span>\n\t\t\t\t\t<\/a>\n\t\t\t\t<\/div>\n\t\t\t\t\t\t<\/div>\n\t\t\t\t<\/div>\n\t\t\t\t\t<\/div>\n\t\t<\/div>\n\t\t\t\t\t<\/div>\n\t\t<\/section>\n\t\t\t\t<section class=\"elementor-section elementor-top-section elementor-element elementor-element-23fb6f7 elementor-section-boxed elementor-section-height-default elementor-section-height-default\" data-id=\"23fb6f7\" data-element_type=\"section\">\n\t\t\t\t\t\t<div class=\"elementor-container elementor-column-gap-default\">\n\t\t\t\t\t<div class=\"elementor-column elementor-col-100 elementor-top-column elementor-element elementor-element-5966eb3\" data-id=\"5966eb3\" data-element_type=\"column\">\n\t\t\t<div class=\"elementor-widget-wrap elementor-element-populated\">\n\t\t\t\t\t\t<div class=\"elementor-element elementor-element-5192d11 elementor-widget elementor-widget-spacer\" data-id=\"5192d11\" data-element_type=\"widget\" data-widget_type=\"spacer.default\">\n\t\t\t\t<div class=\"elementor-widget-container\">\n\t\t\t\t\t<div class=\"elementor-spacer\">\n\t\t\t<div class=\"elementor-spacer-inner\"><\/div>\n\t\t<\/div>\n\t\t\t\t<\/div>\n\t\t\t\t<\/div>\n\t\t\t\t\t<\/div>\n\t\t<\/div>\n\t\t\t\t\t<\/div>\n\t\t<\/section>\n\t\t\t\t<section class=\"elementor-section elementor-top-section elementor-element elementor-element-606f013 elementor-section-boxed elementor-section-height-default elementor-section-height-default\" data-id=\"606f013\" data-element_type=\"section\" data-settings=\"{&quot;background_background&quot;:&quot;classic&quot;}\">\n\t\t\t\t\t\t\t<div class=\"elementor-background-overlay\"><\/div>\n\t\t\t\t\t\t\t<div class=\"elementor-container elementor-column-gap-default\">\n\t\t\t\t\t<div class=\"elementor-column elementor-col-100 elementor-top-column elementor-element elementor-element-38a725f\" data-id=\"38a725f\" data-element_type=\"column\">\n\t\t\t<div class=\"elementor-widget-wrap elementor-element-populated\">\n\t\t\t\t\t\t<div class=\"elementor-element elementor-element-58546ba elementor-widget elementor-widget-heading\" data-id=\"58546ba\" data-element_type=\"widget\" data-widget_type=\"heading.default\">\n\t\t\t\t<div class=\"elementor-widget-container\">\n\t\t\t<h2 class=\"elementor-heading-title elementor-size-default\">Siamo riconosciuti dalla Dutch Hair Foundation\n<\/h2>\t\t<\/div>\n\t\t\t\t<\/div>\n\t\t\t\t<div class=\"elementor-element elementor-element-e4918c1 elementor-widget-divider--view-line elementor-widget elementor-widget-divider\" data-id=\"e4918c1\" data-element_type=\"widget\" data-widget_type=\"divider.default\">\n\t\t\t\t<div class=\"elementor-widget-container\">\n\t\t\t\t\t<div class=\"elementor-divider\">\n\t\t\t<span class=\"elementor-divider-separator\">\n\t\t\t\t\t\t<\/span>\n\t\t<\/div>\n\t\t\t\t<\/div>\n\t\t\t\t<\/div>\n\t\t\t\t<div class=\"elementor-element elementor-element-298ba92 elementor-widget elementor-widget-text-editor\" data-id=\"298ba92\" data-element_type=\"widget\" data-widget_type=\"text-editor.default\">\n\t\t\t\t<div class=\"elementor-widget-container\">\n\t\t\t\t\t\t\t<p>La Dutch Hair Foundation \u00e8 una fondazione benefica senza scopo di lucro riconosciuta, dotata dello \u0441\u0442\u0430\u0442\u0443\u0441 ANBI. La fondazione rappresenta la piattaforma centrale per tutte le tematiche legate ai \u201ccapelli\u201d. Attualmente, la Dutch Hair Foundation \u00e8 persino la fondazione benefica pi\u00f9 visitata nei Paesi Bassi. Mercure Istanbul \u00e8 in possesso della certificazione della Dutch Hair Foundation.<\/p><p><noscript><img fetchpriority=\"high\" decoding=\"async\" class=\"aligncenter wp-image-7621\" src=\"https:\/\/mercureistanbul.com\/wp-content\/uploads\/2022\/12\/photo_2022-12-31_15-50-23-1024x1024.png\" alt width=\"400\" height=\"400\" srcset=\"https:\/\/www.mercureistanbul.com\/wp-content\/uploads\/2022\/12\/photo_2022-12-31_15-50-23-1024x1024.png 1024w, https:\/\/www.mercureistanbul.com\/wp-content\/uploads\/2022\/12\/photo_2022-12-31_15-50-23-300x300.png 300w, https:\/\/www.mercureistanbul.com\/wp-content\/uploads\/2022\/12\/photo_2022-12-31_15-50-23-150x150.png 150w, https:\/\/www.mercureistanbul.com\/wp-content\/uploads\/2022\/12\/photo_2022-12-31_15-50-23-768x768.png 768w, https:\/\/www.mercureistanbul.com\/wp-content\/uploads\/2022\/12\/photo_2022-12-31_15-50-23-600x600.png 600w, https:\/\/www.mercureistanbul.com\/wp-content\/uploads\/2022\/12\/photo_2022-12-31_15-50-23.png 1039w\" sizes=\"(max-width: 400px) 100vw, 400px\" \/><\/noscript><img decoding=\"async\" class=\"aligncenter wp-image-7621 lazyload\" src=\"data:image\/svg+xml,%3Csvg%20xmlns%3D%22http%3A%2F%2Fwww.w3.org%2F2000%2Fsvg%22%20viewBox%3D%220%200%20400%20400%22%3E%3C%2Fsvg%3E\" alt width=\"400\" height=\"400\" data-src=\"https:\/\/mercureistanbul.com\/wp-content\/uploads\/2022\/12\/photo_2022-12-31_15-50-23-1024x1024.png\"><\/p><p>La Dutch Hair Foundation \u00e8 al servizio di tutti coloro che affrontano qualsiasi tipo di problema legato ai capelli, offrendo informazioni, assistenza e supporto.<\/p><p>La fondazione raggiunge questo obiettivo facilitando la condivisione di esperienze, fornendo informazioni e, tra le altre iniziative, realizzando test online che mettono in contatto le persone affette da perdita di capelli o da patologie del capello con professionisti come dermatologi, cliniche specializzate in trapianto di capelli e psicologi. Questo contribuisce a ridurre le barriere nel chiedere aiuto.<\/p><p>La Dutch Hair Foundation si distingue dalle altre fondazioni e piattaforme informative perch\u00e9 opera in totale indipendenza e offre un servizio completo a tutte le persone che soffrono di malattie e problematiche legate ai capelli.<\/p><p>Inoltre, la Dutch Hair Foundation investe nella ricerca scientifica, sviluppa programmi di certificazione e lavora costantemente su nuovi metodi di trattamento.<\/p>\t\t\t\t\t\t<\/div>\n\t\t\t\t<\/div>\n\t\t\t\t\t<\/div>\n\t\t<\/div>\n\t\t\t\t\t<\/div>\n\t\t<\/section>\n\t\t\t\t<\/div>\n\t\t","protected":false},"excerpt":{"rendered":"<p>La Fondazione Olandese per i Capelli Siamo membri e detentori del marchio di qualit\u00e0 della Dutch Hair Foundation. CONTATTACI Siamo riconosciuti dalla Dutch Hair Foundation La Dutch Hair Foundation \u00e8 una fondazione benefica senza scopo di lucro riconosciuta, dotata dello \u0441\u0442\u0430\u0442\u0443\u0441 ANBI. La fondazione rappresenta la piattaforma centrale per tutte le tematiche legate ai \u201ccapelli\u201d. [&hellip;]<\/p>\n","protected":false},"author":1,"featured_media":0,"parent":0,"menu_order":0,"comment_status":"closed","ping_status":"closed","template":"elementor_header_footer","meta":{"_eb_attr":"","_monsterinsights_skip_tracking":false,"_monsterinsights_sitenote_active":false,"_monsterinsights_sitenote_note":"","_monsterinsights_sitenote_category":0,"ocean_post_layout":"","ocean_both_sidebars_style":"","ocean_both_sidebars_content_width":0,"ocean_both_sidebars_sidebars_width":0,"ocean_sidebar":"0","ocean_second_sidebar":"0","ocean_disable_margins":"enable","ocean_add_body_class":"","ocean_shortcode_before_top_bar":"","ocean_shortcode_after_top_bar":"","ocean_shortcode_before_header":"","ocean_shortcode_after_header":"","ocean_has_shortcode":"","ocean_shortcode_after_title":"","ocean_shortcode_before_footer_widgets":"","ocean_shortcode_after_footer_widgets":"","ocean_shortcode_before_footer_bottom":"","ocean_shortcode_after_footer_bottom":"","ocean_display_top_bar":"default","ocean_display_header":"default","ocean_header_style":"","ocean_center_header_left_menu":"0","ocean_custom_header_template":"0","ocean_custom_logo":0,"ocean_custom_retina_logo":0,"ocean_custom_logo_max_width":0,"ocean_custom_logo_tablet_max_width":0,"ocean_custom_logo_mobile_max_width":0,"ocean_custom_logo_max_height":0,"ocean_custom_logo_tablet_max_height":0,"ocean_custom_logo_mobile_max_height":0,"ocean_header_custom_menu":"0","ocean_menu_typo_font_family":"0","ocean_menu_typo_font_subset":"","ocean_menu_typo_font_size":0,"ocean_menu_typo_font_size_tablet":0,"ocean_menu_typo_font_size_mobile":0,"ocean_menu_typo_font_size_unit":"px","ocean_menu_typo_font_weight":"","ocean_menu_typo_font_weight_tablet":"","ocean_menu_typo_font_weight_mobile":"","ocean_menu_typo_transform":"","ocean_menu_typo_transform_tablet":"","ocean_menu_typo_transform_mobile":"","ocean_menu_typo_line_height":0,"ocean_menu_typo_line_height_tablet":0,"ocean_menu_typo_line_height_mobile":0,"ocean_menu_typo_line_height_unit":"","ocean_menu_typo_spacing":0,"ocean_menu_typo_spacing_tablet":0,"ocean_menu_typo_spacing_mobile":0,"ocean_menu_typo_spacing_unit":"","ocean_menu_link_color":"","ocean_menu_link_color_hover":"","ocean_menu_link_color_active":"","ocean_menu_link_background":"","ocean_menu_link_hover_background":"","ocean_menu_link_active_background":"","ocean_menu_social_links_bg":"","ocean_menu_social_hover_links_bg":"","ocean_menu_social_links_color":"","ocean_menu_social_hover_links_color":"","ocean_disable_title":"default","ocean_disable_heading":"default","ocean_post_title":"","ocean_post_subheading":"","ocean_post_title_style":"","ocean_post_title_background_color":"","ocean_post_title_background":0,"ocean_post_title_bg_image_position":"","ocean_post_title_bg_image_attachment":"","ocean_post_title_bg_image_repeat":"","ocean_post_title_bg_image_size":"","ocean_post_title_height":0,"ocean_post_title_bg_overlay":0.5,"ocean_post_title_bg_overlay_color":"","ocean_disable_breadcrumbs":"default","ocean_breadcrumbs_color":"","ocean_breadcrumbs_separator_color":"","ocean_breadcrumbs_links_color":"","ocean_breadcrumbs_links_hover_color":"","ocean_display_footer_widgets":"default","ocean_display_footer_bottom":"default","ocean_custom_footer_template":"0","_joinchat":[],"footnotes":""},"class_list":["post-15216","page","type-page","status-publish","hentry","entry"],"_links":{"self":[{"href":"https:\/\/www.mercureistanbul.com\/it\/wp-json\/wp\/v2\/pages\/15216","targetHints":{"allow":["GET"]}}],"collection":[{"href":"https:\/\/www.mercureistanbul.com\/it\/wp-json\/wp\/v2\/pages"}],"about":[{"href":"https:\/\/www.mercureistanbul.com\/it\/wp-json\/wp\/v2\/types\/page"}],"author":[{"embeddable":true,"href":"https:\/\/www.mercureistanbul.com\/it\/wp-json\/wp\/v2\/users\/1"}],"replies":[{"embeddable":true,"href":"https:\/\/www.mercureistanbul.com\/it\/wp-json\/wp\/v2\/comments?post=15216"}],"version-history":[{"count":4,"href":"https:\/\/www.mercureistanbul.com\/it\/wp-json\/wp\/v2\/pages\/15216\/revisions"}],"predecessor-version":[{"id":15485,"href":"https:\/\/www.mercureistanbul.com\/it\/wp-json\/wp\/v2\/pages\/15216\/revisions\/15485"}],"wp:attachment":[{"href":"https:\/\/www.mercureistanbul.com\/it\/wp-json\/wp\/v2\/media?parent=15216"}],"curies":[{"name":"wp","href":"https:\/\/api.w.org\/{rel}","templated":true}]}}