{"id":15220,"date":"2022-08-17T10:59:54","date_gmt":"2022-08-17T10:59:54","guid":{"rendered":"https:\/\/www.mercureistanbul.com\/cookie-policy\/"},"modified":"2025-12-06T06:33:44","modified_gmt":"2025-12-06T06:33:44","slug":"cookie-policy","status":"publish","type":"page","link":"https:\/\/www.mercureistanbul.com\/it\/cookie-policy\/","title":{"rendered":"Cookie Policy"},"content":{"rendered":"\t\t<div data-elementor-type=\"wp-page\" data-elementor-id=\"15220\" class=\"elementor elementor-15220\">\n\t\t\t\t\t\t<section class=\"elementor-section elementor-top-section elementor-element elementor-element-081c952 elementor-section-height-min-height elementor-section-boxed elementor-section-height-default elementor-section-items-middle\" data-id=\"081c952\" data-element_type=\"section\" data-settings=\"{&quot;background_background&quot;:&quot;gradient&quot;}\">\n\t\t\t\t\t\t\t<div class=\"elementor-background-overlay\"><\/div>\n\t\t\t\t\t\t\t<div class=\"elementor-container elementor-column-gap-default\">\n\t\t\t\t\t<div class=\"elementor-column elementor-col-100 elementor-top-column elementor-element elementor-element-dc7bcd9\" data-id=\"dc7bcd9\" data-element_type=\"column\" data-settings=\"{&quot;animation_mobile&quot;:&quot;fadeInUp&quot;}\">\n\t\t\t<div class=\"elementor-widget-wrap elementor-element-populated\">\n\t\t\t\t\t\t<div class=\"elementor-element elementor-element-fc834c5 elementor-widget-divider--view-line elementor-widget elementor-widget-divider\" data-id=\"fc834c5\" data-element_type=\"widget\" data-widget_type=\"divider.default\">\n\t\t\t\t<div class=\"elementor-widget-container\">\n\t\t\t\t\t<div class=\"elementor-divider\">\n\t\t\t<span class=\"elementor-divider-separator\">\n\t\t\t\t\t\t<\/span>\n\t\t<\/div>\n\t\t\t\t<\/div>\n\t\t\t\t<\/div>\n\t\t\t\t<div class=\"elementor-element elementor-element-6545228 elementor-widget elementor-widget-heading\" data-id=\"6545228\" data-element_type=\"widget\" data-widget_type=\"heading.default\">\n\t\t\t\t<div class=\"elementor-widget-container\">\n\t\t\t<h2 class=\"elementor-heading-title elementor-size-default\"><b>Informativa sui Cookie \u2013 Mercure Istanbul Clinics<\/b><\/h2>\t\t<\/div>\n\t\t\t\t<\/div>\n\t\t\t\t<div class=\"elementor-element elementor-element-4907c3a elementor-widget-divider--view-line elementor-widget elementor-widget-divider\" data-id=\"4907c3a\" data-element_type=\"widget\" data-settings=\"{&quot;_animation_mobile&quot;:&quot;none&quot;}\" data-widget_type=\"divider.default\">\n\t\t\t\t<div class=\"elementor-widget-container\">\n\t\t\t\t\t<div class=\"elementor-divider\">\n\t\t\t<span class=\"elementor-divider-separator\">\n\t\t\t\t\t\t<\/span>\n\t\t<\/div>\n\t\t\t\t<\/div>\n\t\t\t\t<\/div>\n\t\t\t\t<div class=\"elementor-element elementor-element-e0745b9 elementor-widget-mobile__width-initial elementor-widget elementor-widget-text-editor\" data-id=\"e0745b9\" data-element_type=\"widget\" data-widget_type=\"text-editor.default\">\n\t\t\t\t<div class=\"elementor-widget-container\">\n\t\t\t\t\t\t\t<strong>Come utilizziamo e proteggiamo i tuoi dati per garantirti un\u2019esperienza di navigazione sicura sul nostro sito web.<\/strong>\t\t\t\t\t\t<\/div>\n\t\t\t\t<\/div>\n\t\t\t\t<div class=\"elementor-element elementor-element-f9c267f elementor-mobile-align-center elementor-widget elementor-widget-button\" data-id=\"f9c267f\" data-element_type=\"widget\" data-widget_type=\"button.default\">\n\t\t\t\t<div class=\"elementor-widget-container\">\n\t\t\t\t\t\t\t<div class=\"elementor-button-wrapper\">\n\t\t\t\t\t<a class=\"elementor-button elementor-button-link elementor-size-sm\" href=\"http:\/\/wa.me\/905411548055\" target=\"_blank\" rel=\"noopener\">\n\t\t\t\t\t\t<span class=\"elementor-button-content-wrapper\">\n\t\t\t\t\t\t<span class=\"elementor-button-icon\">\n\t\t\t\t<i aria-hidden=\"true\" class=\"fas fa-chevron-circle-right\"><\/i>\t\t\t<\/span>\n\t\t\t\t\t\t\t\t\t<span class=\"elementor-button-text\">INIZIA LA TUA ANALISI GRATUITA DEI CAPELLI<\/span>\n\t\t\t\t\t<\/span>\n\t\t\t\t\t<\/a>\n\t\t\t\t<\/div>\n\t\t\t\t\t\t<\/div>\n\t\t\t\t<\/div>\n\t\t\t\t\t<\/div>\n\t\t<\/div>\n\t\t\t\t\t<\/div>\n\t\t<\/section>\n\t\t\t\t<section class=\"elementor-section elementor-top-section elementor-element elementor-element-7dfa8fa elementor-section-boxed elementor-section-height-default elementor-section-height-default\" data-id=\"7dfa8fa\" data-element_type=\"section\" data-settings=\"{&quot;background_background&quot;:&quot;classic&quot;}\">\n\t\t\t\t\t\t\t<div class=\"elementor-background-overlay\"><\/div>\n\t\t\t\t\t\t\t<div class=\"elementor-container elementor-column-gap-default\">\n\t\t\t\t\t<div class=\"elementor-column elementor-col-100 elementor-top-column elementor-element elementor-element-fc4d902\" data-id=\"fc4d902\" data-element_type=\"column\">\n\t\t\t<div class=\"elementor-widget-wrap elementor-element-populated\">\n\t\t\t\t\t\t<div class=\"elementor-element elementor-element-2847735 elementor-widget-divider--view-line elementor-widget elementor-widget-divider\" data-id=\"2847735\" data-element_type=\"widget\" data-widget_type=\"divider.default\">\n\t\t\t\t<div class=\"elementor-widget-container\">\n\t\t\t\t\t<div class=\"elementor-divider\">\n\t\t\t<span class=\"elementor-divider-separator\">\n\t\t\t\t\t\t<\/span>\n\t\t<\/div>\n\t\t\t\t<\/div>\n\t\t\t\t<\/div>\n\t\t\t\t<div class=\"elementor-element elementor-element-8d5d32b elementor-widget elementor-widget-heading\" data-id=\"8d5d32b\" data-element_type=\"widget\" data-widget_type=\"heading.default\">\n\t\t\t\t<div class=\"elementor-widget-container\">\n\t\t\t<h2 class=\"elementor-heading-title elementor-size-default\">Informativa sui Cookie per Mercure Istanbul Clinics<\/h2>\t\t<\/div>\n\t\t\t\t<\/div>\n\t\t\t\t<div class=\"elementor-element elementor-element-3425712 elementor-widget-divider--view-line elementor-widget elementor-widget-divider\" data-id=\"3425712\" data-element_type=\"widget\" data-widget_type=\"divider.default\">\n\t\t\t\t<div class=\"elementor-widget-container\">\n\t\t\t\t\t<div class=\"elementor-divider\">\n\t\t\t<span class=\"elementor-divider-separator\">\n\t\t\t\t\t\t<\/span>\n\t\t<\/div>\n\t\t\t\t<\/div>\n\t\t\t\t<\/div>\n\t\t\t\t<div class=\"elementor-element elementor-element-d0b060d elementor-widget elementor-widget-text-editor\" data-id=\"d0b060d\" data-element_type=\"widget\" data-widget_type=\"text-editor.default\">\n\t\t\t\t<div class=\"elementor-widget-container\">\n\t\t\t\t\t\t\t<h1>Informativa sui Cookie<\/h1><p>Questa \u00e8 l\u2019Informativa sui Cookie di Mercure Istanbul, accessibile dal sito <a href=\"https:\/\/mercureistanbul.com\/\">https:\/\/mercureistanbul.com\/<\/a><\/p><p><strong>Cosa sono i cookie<\/strong><\/p><p>Come \u00e8 prassi comune per la maggior parte dei siti web professionali, questo sito utilizza i cookie, che sono piccoli file scaricati sul tuo computer, al fine di migliorare l\u2019esperienza di navigazione. Questa pagina descrive quali informazioni raccolgono, come le utilizziamo e perch\u00e9 talvolta \u00e8 necessario memorizzare questi cookie. Spiegheremo inoltre come puoi impedirne la memorizzazione; tuttavia, ci\u00f2 potrebbe ridurre o compromettere alcune funzionalit\u00e0 del sito.<\/p><p><strong>Come utilizziamo i cookie<\/strong><\/p><p>Utilizziamo i cookie per diversi motivi, descritti di seguito. Purtroppo, nella maggior parte dei casi non esistono opzioni standard del settore per disabilitare i cookie senza compromettere completamente le funzionalit\u00e0 e le caratteristiche che essi aggiungono al sito. Si consiglia di lasciare attivi tutti i cookie, soprattutto se non si \u00e8 certi della loro necessit\u00e0, poich\u00e9 possono essere utilizzati per fornire servizi di cui usufruisci.<\/p><p><strong>Disabilitare i cookie<\/strong><\/p><p>\u00c8 possibile impedire l\u2019impostazione dei cookie modificando le impostazioni del proprio browser (consultare la sezione di aiuto del browser per sapere come farlo). Tieni presente che la disabilitazione dei cookie influir\u00e0 sul funzionamento di questo e di molti altri siti web che visiterai. Disabilitare i cookie comporta generalmente la disattivazione di alcune funzionalit\u00e0 e caratteristiche di questo sito. Pertanto, si raccomanda di non disabilitare i cookie. Questa Informativa sui Cookie \u00e8 stata creata con l\u2019aiuto del <a href=\"https:\/\/www.cookiepolicygenerator.com\/cookie-policy-generator\/\" target=\"_blank\" rel=\"noopener\">Generatore di Cookie Policy<\/a>.<\/p><p><strong>I cookie che utilizziamo<\/strong><\/p><ul><li><strong>Cookie relativi ai moduli<\/strong><br \/>Quando invii dati tramite un modulo, come quelli presenti nelle pagine di contatto o nei moduli per i commenti, possono essere impostati dei cookie per memorizzare i tuoi dati utente al fine di facilitare comunicazioni future.<\/li><li><strong>Cookie delle preferenze del sito<\/strong><br \/>Per offrirti un\u2019esperienza ottimale su questo sito, mettiamo a disposizione funzionalit\u00e0 che consentono di impostare le preferenze relative al funzionamento del sito. Per ricordare tali preferenze, \u00e8 necessario impostare dei cookie in modo che queste informazioni possano essere richiamate ogni volta che interagisci con una pagina influenzata dalle tue preferenze.<\/li><\/ul><p><strong>Cookie di terze parti<\/strong><\/p><p>In alcuni casi particolari utilizziamo anche cookie forniti da terze parti fidate. La sezione seguente illustra quali cookie di terze parti potresti incontrare durante la navigazione su questo sito.<\/p><ul><li>Questo sito utilizza Google Analytics, uno dei sistemi di analisi web pi\u00f9 diffusi e affidabili, che ci aiuta a comprendere come utilizzi il sito e come possiamo migliorare la tua esperienza. Questi cookie possono tracciare informazioni come il tempo trascorso sul sito e le pagine visitate, permettendoci di creare contenuti sempre pi\u00f9 coinvolgenti.<p>Per ulteriori informazioni sui cookie di Google Analytics, visita la pagina ufficiale di Google Analytics.<\/p><\/li><li>Periodicamente testiamo nuove funzionalit\u00e0 e apportiamo lievi modifiche al modo in cui il sito viene presentato. Durante queste fasi di test, tali cookie possono essere utilizzati per garantire un\u2019esperienza coerente durante la navigazione e per consentirci di comprendere quali ottimizzazioni siano maggiormente apprezzate dagli utenti.<\/li><li>Il servizio Google AdSense, utilizzato per la pubblicazione di annunci pubblicitari, utilizza il cookie DoubleClick per offrire annunci pi\u00f9 pertinenti sul web e limitare il numero di volte in cui uno stesso annuncio viene mostrato all\u2019utente.<p>Per ulteriori informazioni su Google AdSense, consulta la pagina ufficiale delle FAQ sulla privacy di Google AdSense.<\/p><\/li><\/ul><p><strong>Ulteriori informazioni<\/strong><\/p><p>Ci auguriamo che questa informativa sia stata chiara. Come gi\u00e0 menzionato, se non sei sicuro che un determinato cookie sia necessario o meno, \u00e8 generalmente pi\u00f9 sicuro lasciare i cookie attivi, poich\u00e9 potrebbero essere utilizzati per il corretto funzionamento delle funzionalit\u00e0 che usi sul nostro sito.<\/p><p>Per maggiori informazioni generali sui cookie, puoi consultare questo articolo: <a href=\"https:\/\/www.cookiepolicygenerator.com\/sample-cookies-policy\/\" target=\"_blank\" rel=\"noopener\">articolo sulla Cookie Policy<\/a>.<\/p><p>Se desideri ulteriori chiarimenti, puoi contattarci tramite uno dei nostri canali preferiti:<\/p><ul><li><b>Visitando questo link: <a href=\"https:\/\/mercureistanbul.com\/contact\/\"><span style=\"color: #00acba;\">https:\/\/mercureistanbul.com\/contact\/<\/span><\/a><\/b><\/li><\/ul><p><!-- \/wp:paragraph --><\/p>\t\t\t\t\t\t<\/div>\n\t\t\t\t<\/div>\n\t\t\t\t\t<\/div>\n\t\t<\/div>\n\t\t\t\t\t<\/div>\n\t\t<\/section>\n\t\t\t\t<\/div>\n\t\t","protected":false},"excerpt":{"rendered":"<p>Informativa sui Cookie \u2013 Mercure Istanbul Clinics Come utilizziamo e proteggiamo i tuoi dati per garantirti un\u2019esperienza di navigazione sicura sul nostro sito web. INIZIA LA TUA ANALISI GRATUITA DEI CAPELLI Informativa sui Cookie per Mercure Istanbul Clinics Informativa sui Cookie Questa \u00e8 l\u2019Informativa sui Cookie di Mercure Istanbul, accessibile dal sito https:\/\/mercureistanbul.com\/ Cosa sono [&hellip;]<\/p>\n","protected":false},"author":1,"featured_media":0,"parent":0,"menu_order":0,"comment_status":"closed","ping_status":"closed","template":"elementor_header_footer","meta":{"_eb_attr":"","_monsterinsights_skip_tracking":false,"_monsterinsights_sitenote_active":false,"_monsterinsights_sitenote_note":"","_monsterinsights_sitenote_category":0,"ocean_post_layout":"","ocean_both_sidebars_style":"","ocean_both_sidebars_content_width":0,"ocean_both_sidebars_sidebars_width":0,"ocean_sidebar":"0","ocean_second_sidebar":"0","ocean_disable_margins":"enable","ocean_add_body_class":"","ocean_shortcode_before_top_bar":"","ocean_shortcode_after_top_bar":"","ocean_shortcode_before_header":"","ocean_shortcode_after_header":"","ocean_has_shortcode":"","ocean_shortcode_after_title":"","ocean_shortcode_before_footer_widgets":"","ocean_shortcode_after_footer_widgets":"","ocean_shortcode_before_footer_bottom":"","ocean_shortcode_after_footer_bottom":"","ocean_display_top_bar":"default","ocean_display_header":"default","ocean_header_style":"","ocean_center_header_left_menu":"0","ocean_custom_header_template":"0","ocean_custom_logo":0,"ocean_custom_retina_logo":0,"ocean_custom_logo_max_width":0,"ocean_custom_logo_tablet_max_width":0,"ocean_custom_logo_mobile_max_width":0,"ocean_custom_logo_max_height":0,"ocean_custom_logo_tablet_max_height":0,"ocean_custom_logo_mobile_max_height":0,"ocean_header_custom_menu":"0","ocean_menu_typo_font_family":"0","ocean_menu_typo_font_subset":"","ocean_menu_typo_font_size":0,"ocean_menu_typo_font_size_tablet":0,"ocean_menu_typo_font_size_mobile":0,"ocean_menu_typo_font_size_unit":"px","ocean_menu_typo_font_weight":"","ocean_menu_typo_font_weight_tablet":"","ocean_menu_typo_font_weight_mobile":"","ocean_menu_typo_transform":"","ocean_menu_typo_transform_tablet":"","ocean_menu_typo_transform_mobile":"","ocean_menu_typo_line_height":0,"ocean_menu_typo_line_height_tablet":0,"ocean_menu_typo_line_height_mobile":0,"ocean_menu_typo_line_height_unit":"","ocean_menu_typo_spacing":0,"ocean_menu_typo_spacing_tablet":0,"ocean_menu_typo_spacing_mobile":0,"ocean_menu_typo_spacing_unit":"","ocean_menu_link_color":"","ocean_menu_link_color_hover":"","ocean_menu_link_color_active":"","ocean_menu_link_background":"","ocean_menu_link_hover_background":"","ocean_menu_link_active_background":"","ocean_menu_social_links_bg":"","ocean_menu_social_hover_links_bg":"","ocean_menu_social_links_color":"","ocean_menu_social_hover_links_color":"","ocean_disable_title":"default","ocean_disable_heading":"default","ocean_post_title":"","ocean_post_subheading":"","ocean_post_title_style":"","ocean_post_title_background_color":"","ocean_post_title_background":0,"ocean_post_title_bg_image_position":"","ocean_post_title_bg_image_attachment":"","ocean_post_title_bg_image_repeat":"","ocean_post_title_bg_image_size":"","ocean_post_title_height":0,"ocean_post_title_bg_overlay":0.5,"ocean_post_title_bg_overlay_color":"","ocean_disable_breadcrumbs":"default","ocean_breadcrumbs_color":"","ocean_breadcrumbs_separator_color":"","ocean_breadcrumbs_links_color":"","ocean_breadcrumbs_links_hover_color":"","ocean_display_footer_widgets":"default","ocean_display_footer_bottom":"default","ocean_custom_footer_template":"0","_joinchat":[],"footnotes":""},"class_list":["post-15220","page","type-page","status-publish","hentry","entry"],"_links":{"self":[{"href":"https:\/\/www.mercureistanbul.com\/it\/wp-json\/wp\/v2\/pages\/15220","targetHints":{"allow":["GET"]}}],"collection":[{"href":"https:\/\/www.mercureistanbul.com\/it\/wp-json\/wp\/v2\/pages"}],"about":[{"href":"https:\/\/www.mercureistanbul.com\/it\/wp-json\/wp\/v2\/types\/page"}],"author":[{"embeddable":true,"href":"https:\/\/www.mercureistanbul.com\/it\/wp-json\/wp\/v2\/users\/1"}],"replies":[{"embeddable":true,"href":"https:\/\/www.mercureistanbul.com\/it\/wp-json\/wp\/v2\/comments?post=15220"}],"version-history":[{"count":3,"href":"https:\/\/www.mercureistanbul.com\/it\/wp-json\/wp\/v2\/pages\/15220\/revisions"}],"predecessor-version":[{"id":15305,"href":"https:\/\/www.mercureistanbul.com\/it\/wp-json\/wp\/v2\/pages\/15220\/revisions\/15305"}],"wp:attachment":[{"href":"https:\/\/www.mercureistanbul.com\/it\/wp-json\/wp\/v2\/media?parent=15220"}],"curies":[{"name":"wp","href":"https:\/\/api.w.org\/{rel}","templated":true}]}}