{"id":15223,"date":"2022-08-08T17:21:39","date_gmt":"2022-08-08T17:21:39","guid":{"rendered":"https:\/\/www.mercureistanbul.com\/jci\/"},"modified":"2025-12-06T18:08:25","modified_gmt":"2025-12-06T18:08:25","slug":"jci","status":"publish","type":"page","link":"https:\/\/www.mercureistanbul.com\/it\/jci\/","title":{"rendered":"JC\u0130"},"content":{"rendered":"<div data-elementor-type=\"wp-page\" data-elementor-id=\"15223\" class=\"elementor elementor-15223\">\n\t\t\t\t\t\t<section class=\"elementor-section elementor-top-section elementor-element elementor-element-70e1aab elementor-section-height-min-height elementor-section-boxed elementor-section-height-default elementor-section-items-middle\" data-id=\"70e1aab\" data-element_type=\"section\" data-settings=\"{&quot;background_background&quot;:&quot;gradient&quot;}\">\n\t\t\t\t\t\t\t<div class=\"elementor-background-overlay\"><\/div>\n\t\t\t\t\t\t\t<div class=\"elementor-container elementor-column-gap-default\">\n\t\t\t\t\t<div class=\"elementor-column elementor-col-100 elementor-top-column elementor-element elementor-element-23a9367\" data-id=\"23a9367\" data-element_type=\"column\" data-settings=\"{&quot;animation_mobile&quot;:&quot;fadeInUp&quot;}\">\n\t\t\t<div class=\"elementor-widget-wrap elementor-element-populated\">\n\t\t\t\t\t\t<div class=\"elementor-element elementor-element-0cd954b elementor-widget-divider--view-line elementor-widget elementor-widget-divider\" data-id=\"0cd954b\" data-element_type=\"widget\" data-widget_type=\"divider.default\">\n\t\t\t\t<div class=\"elementor-widget-container\">\n\t\t\t\t\t<div class=\"elementor-divider\">\n\t\t\t<span class=\"elementor-divider-separator\">\n\t\t\t\t\t\t<\/span>\n\t\t<\/div>\n\t\t\t\t<\/div>\n\t\t\t\t<\/div>\n\t\t\t\t<div class=\"elementor-element elementor-element-bae5512 elementor-widget-laptop__width-initial elementor-widget-tablet__width-initial elementor-widget elementor-widget-heading\" data-id=\"bae5512\" data-element_type=\"widget\" data-widget_type=\"heading.default\">\n\t\t\t\t<div class=\"elementor-widget-container\">\n\t\t\t<h2 class=\"elementor-heading-title elementor-size-default\"><b>Accreditamento JCI, la tua garanzia di standard medici internazionali<\/b>\n<\/h2>\t\t<\/div>\n\t\t\t\t<\/div>\n\t\t\t\t<div class=\"elementor-element elementor-element-a3c6182 elementor-widget-divider--view-line elementor-widget elementor-widget-divider\" data-id=\"a3c6182\" data-element_type=\"widget\" data-settings=\"{&quot;_animation_mobile&quot;:&quot;none&quot;}\" data-widget_type=\"divider.default\">\n\t\t\t\t<div class=\"elementor-widget-container\">\n\t\t\t\t\t<div class=\"elementor-divider\">\n\t\t\t<span class=\"elementor-divider-separator\">\n\t\t\t\t\t\t<\/span>\n\t\t<\/div>\n\t\t\t\t<\/div>\n\t\t\t\t<\/div>\n\t\t\t\t<div class=\"elementor-element elementor-element-18ad0a0 elementor-widget-laptop__width-initial elementor-widget-tablet__width-initial elementor-widget elementor-widget-text-editor\" data-id=\"18ad0a0\" data-element_type=\"widget\" data-widget_type=\"text-editor.default\">\n\t\t\t\t<div class=\"elementor-widget-container\">\n\t\t\t\t\t\t\t<p><strong>Mercure Istanbul Clinics opera secondo standard sanitari riconosciuti a livello globale in termini di sicurezza e qualit\u00e0.<\/strong><\/p>\t\t\t\t\t\t<\/div>\n\t\t\t\t<\/div>\n\t\t\t\t<div class=\"elementor-element elementor-element-10189b7 elementor-mobile-align-center elementor-widget elementor-widget-button\" data-id=\"10189b7\" data-element_type=\"widget\" data-widget_type=\"button.default\">\n\t\t\t\t<div class=\"elementor-widget-container\">\n\t\t\t\t\t\t\t<div class=\"elementor-button-wrapper\">\n\t\t\t\t\t<a class=\"elementor-button elementor-button-link elementor-size-sm\" href=\"http:\/\/wa.me\/905411548055\" target=\"_blank\" rel=\"noopener\">\n\t\t\t\t\t\t<span class=\"elementor-button-content-wrapper\">\n\t\t\t\t\t\t<span class=\"elementor-button-icon\">\n\t\t\t\t<i aria-hidden=\"true\" class=\"fas fa-chevron-circle-right\"><\/i>\t\t\t<\/span>\n\t\t\t\t\t\t\t\t\t<span class=\"elementor-button-text\">CONTATTACI<\/span>\n\t\t\t\t\t<\/span>\n\t\t\t\t\t<\/a>\n\t\t\t\t<\/div>\n\t\t\t\t\t\t<\/div>\n\t\t\t\t<\/div>\n\t\t\t\t\t<\/div>\n\t\t<\/div>\n\t\t\t\t\t<\/div>\n\t\t<\/section>\n\t\t\t\t<section class=\"elementor-section elementor-top-section elementor-element elementor-element-00aa7d3 elementor-section-boxed elementor-section-height-default elementor-section-height-default\" data-id=\"00aa7d3\" data-element_type=\"section\" data-settings=\"{&quot;background_background&quot;:&quot;classic&quot;}\">\n\t\t\t\t\t\t\t<div class=\"elementor-background-overlay\"><\/div>\n\t\t\t\t\t\t\t<div class=\"elementor-container elementor-column-gap-default\">\n\t\t\t\t\t<div class=\"elementor-column elementor-col-50 elementor-top-column elementor-element elementor-element-ed32e96\" data-id=\"ed32e96\" data-element_type=\"column\">\n\t\t\t<div class=\"elementor-widget-wrap elementor-element-populated\">\n\t\t\t\t\t\t<div class=\"elementor-element elementor-element-b66020b elementor-widget-divider--view-line elementor-widget elementor-widget-divider\" data-id=\"b66020b\" data-element_type=\"widget\" data-widget_type=\"divider.default\">\n\t\t\t\t<div class=\"elementor-widget-container\">\n\t\t\t\t\t<div class=\"elementor-divider\">\n\t\t\t<span class=\"elementor-divider-separator\">\n\t\t\t\t\t\t<\/span>\n\t\t<\/div>\n\t\t\t\t<\/div>\n\t\t\t\t<\/div>\n\t\t\t\t<div class=\"elementor-element elementor-element-0caa1aa elementor-widget elementor-widget-heading\" data-id=\"0caa1aa\" data-element_type=\"widget\" data-widget_type=\"heading.default\">\n\t\t\t\t<div class=\"elementor-widget-container\">\n\t\t\t<h2 class=\"elementor-heading-title elementor-size-default\">Mercure Istanbul ha ottenuto la certificazione JCI\n<\/h2>\t\t<\/div>\n\t\t\t\t<\/div>\n\t\t\t\t<div class=\"elementor-element elementor-element-1c29874 elementor-widget-divider--view-line elementor-widget elementor-widget-divider\" data-id=\"1c29874\" data-element_type=\"widget\" data-widget_type=\"divider.default\">\n\t\t\t\t<div class=\"elementor-widget-container\">\n\t\t\t\t\t<div class=\"elementor-divider\">\n\t\t\t<span class=\"elementor-divider-separator\">\n\t\t\t\t\t\t<\/span>\n\t\t<\/div>\n\t\t\t\t<\/div>\n\t\t\t\t<\/div>\n\t\t\t\t<div class=\"elementor-element elementor-element-4caf12b elementor-widget elementor-widget-text-editor\" data-id=\"4caf12b\" data-element_type=\"widget\" data-widget_type=\"text-editor.default\">\n\t\t\t\t<div class=\"elementor-widget-container\">\n\t\t\t\t\t\t\t<p>Mercure Istanbul ha ottenuto la Certificazione JCI per la qualit\u00e0 e la sicurezza dell\u2019assistenza ai pazienti, della formazione e della ricerca. La certificazione di qualit\u00e0 viene rilasciata dalla Joint Commission International (JCI), organismo internazionale di accreditamento sanitario.<\/p><p>Mercure Istanbul ha scelto di ottenere l\u2019accreditamento JCI per la sua attenzione nel fornire cure sicure e per l\u2019impegno verso la formazione e la ricerca. JCI si basa sul principio del \u201cmiglioramento continuo\u201d, perfettamente in linea con l\u2019impegno di Mercure Istanbul.<\/p><p>La valutazione JCI si fonda su oltre 1.400 standard attraverso l\u2019analisi di documenti di politica interna, visite ai reparti e colloqui con il personale e i pazienti. Gli auditor JCI esaminano la qualit\u00e0 e la sicurezza dell\u2019assistenza ai pazienti, della formazione e della ricerca, nonch\u00e9 tutti i processi di supporto come la gestione delle apparecchiature mediche, le procedure di pulizia e la sicurezza antincendio.<\/p>\t\t\t\t\t\t<\/div>\n\t\t\t\t<\/div>\n\t\t\t\t\t<\/div>\n\t\t<\/div>\n\t\t\t\t<div class=\"elementor-column elementor-col-50 elementor-top-column elementor-element elementor-element-77ce36f\" data-id=\"77ce36f\" data-element_type=\"column\">\n\t\t\t<div class=\"elementor-widget-wrap elementor-element-populated\">\n\t\t\t\t\t\t<div class=\"elementor-element elementor-element-36ac512 elementor-widget elementor-widget-image\" data-id=\"36ac512\" data-element_type=\"widget\" data-widget_type=\"image.default\">\n\t\t\t\t<div class=\"elementor-widget-container\">\n\t\t\t\t\t\t\t\t\t\t\t\t\t<noscript><img fetchpriority=\"high\" decoding=\"async\" width=\"642\" height=\"478\" src=\"https:\/\/www.mercureistanbul.com\/wp-content\/uploads\/2022\/07\/unknown1.png\" class=\"attachment-large size-large wp-image-2507\" alt srcset=\"https:\/\/www.mercureistanbul.com\/wp-content\/uploads\/2022\/07\/unknown1.png 642w, https:\/\/www.mercureistanbul.com\/wp-content\/uploads\/2022\/07\/unknown1-300x223.png 300w\" sizes=\"(max-width: 642px) 100vw, 642px\"><\/noscript><img fetchpriority=\"high\" decoding=\"async\" width=\"642\" height=\"478\" src=\"data:image\/svg+xml,%3Csvg%20xmlns%3D%22http%3A%2F%2Fwww.w3.org%2F2000%2Fsvg%22%20viewBox%3D%220%200%20642%20478%22%3E%3C%2Fsvg%3E\" class=\"attachment-large size-large wp-image-2507 lazyload\" alt srcset=\"data:image\/svg+xml,%3Csvg%20xmlns%3D%22http%3A%2F%2Fwww.w3.org%2F2000%2Fsvg%22%20viewBox%3D%220%200%20642%20478%22%3E%3C%2Fsvg%3E 642w\" sizes=\"(max-width: 642px) 100vw, 642px\" data-srcset=\"https:\/\/www.mercureistanbul.com\/wp-content\/uploads\/2022\/07\/unknown1.png 642w, https:\/\/www.mercureistanbul.com\/wp-content\/uploads\/2022\/07\/unknown1-300x223.png 300w\" data-src=\"https:\/\/www.mercureistanbul.com\/wp-content\/uploads\/2022\/07\/unknown1.png\">\t\t\t\t\t\t\t\t\t\t\t\t\t<\/div>\n\t\t\t\t<\/div>\n\t\t\t\t\t<\/div>\n\t\t<\/div>\n\t\t\t\t\t<\/div>\n\t\t<\/section>\n\t\t\t\t<section class=\"elementor-section elementor-top-section elementor-element elementor-element-ba21b5f elementor-hidden-mobile elementor-section-boxed elementor-section-height-default elementor-section-height-default\" data-id=\"ba21b5f\" data-element_type=\"section\" data-settings=\"{&quot;background_background&quot;:&quot;classic&quot;}\">\n\t\t\t\t\t\t\t<div class=\"elementor-background-overlay\"><\/div>\n\t\t\t\t\t\t\t<div class=\"elementor-container elementor-column-gap-default\">\n\t\t\t\t\t<div class=\"elementor-column elementor-col-50 elementor-top-column elementor-element elementor-element-38aff68\" data-id=\"38aff68\" data-element_type=\"column\">\n\t\t\t<div class=\"elementor-widget-wrap elementor-element-populated\">\n\t\t\t\t\t\t<div class=\"elementor-element elementor-element-f780ab0 elementor-widget elementor-widget-image\" data-id=\"f780ab0\" data-element_type=\"widget\" data-widget_type=\"image.default\">\n\t\t\t\t<div class=\"elementor-widget-container\">\n\t\t\t\t\t\t\t\t\t\t\t\t\t<noscript><img decoding=\"async\" width=\"642\" height=\"478\" src=\"https:\/\/www.mercureistanbul.com\/wp-content\/uploads\/2022\/07\/unknown.png\" class=\"attachment-large size-large wp-image-2505\" alt srcset=\"https:\/\/www.mercureistanbul.com\/wp-content\/uploads\/2022\/07\/unknown.png 642w, https:\/\/www.mercureistanbul.com\/wp-content\/uploads\/2022\/07\/unknown-300x223.png 300w\" sizes=\"(max-width: 642px) 100vw, 642px\"><\/noscript><img decoding=\"async\" width=\"642\" height=\"478\" src=\"data:image\/svg+xml,%3Csvg%20xmlns%3D%22http%3A%2F%2Fwww.w3.org%2F2000%2Fsvg%22%20viewBox%3D%220%200%20642%20478%22%3E%3C%2Fsvg%3E\" class=\"attachment-large size-large wp-image-2505 lazyload\" alt srcset=\"data:image\/svg+xml,%3Csvg%20xmlns%3D%22http%3A%2F%2Fwww.w3.org%2F2000%2Fsvg%22%20viewBox%3D%220%200%20642%20478%22%3E%3C%2Fsvg%3E 642w\" sizes=\"(max-width: 642px) 100vw, 642px\" data-srcset=\"https:\/\/www.mercureistanbul.com\/wp-content\/uploads\/2022\/07\/unknown.png 642w, https:\/\/www.mercureistanbul.com\/wp-content\/uploads\/2022\/07\/unknown-300x223.png 300w\" data-src=\"https:\/\/www.mercureistanbul.com\/wp-content\/uploads\/2022\/07\/unknown.png\">\t\t\t\t\t\t\t\t\t\t\t\t\t<\/div>\n\t\t\t\t<\/div>\n\t\t\t\t\t<\/div>\n\t\t<\/div>\n\t\t\t\t<div class=\"elementor-column elementor-col-50 elementor-top-column elementor-element elementor-element-d5727aa\" data-id=\"d5727aa\" data-element_type=\"column\">\n\t\t\t<div class=\"elementor-widget-wrap elementor-element-populated\">\n\t\t\t\t\t\t<div class=\"elementor-element elementor-element-dd58676 elementor-widget-divider--view-line elementor-widget elementor-widget-divider\" data-id=\"dd58676\" data-element_type=\"widget\" data-widget_type=\"divider.default\">\n\t\t\t\t<div class=\"elementor-widget-container\">\n\t\t\t\t\t<div class=\"elementor-divider\">\n\t\t\t<span class=\"elementor-divider-separator\">\n\t\t\t\t\t\t<\/span>\n\t\t<\/div>\n\t\t\t\t<\/div>\n\t\t\t\t<\/div>\n\t\t\t\t<div class=\"elementor-element elementor-element-3420b87 elementor-widget elementor-widget-heading\" data-id=\"3420b87\" data-element_type=\"widget\" data-widget_type=\"heading.default\">\n\t\t\t\t<div class=\"elementor-widget-container\">\n\t\t\t<h2 class=\"elementor-heading-title elementor-size-default\">JCI \u00e8 riconosciuta dall\u2019Organizzazione Mondiale della Sanit\u00e0 (OMS).\n<\/h2>\t\t<\/div>\n\t\t\t\t<\/div>\n\t\t\t\t<div class=\"elementor-element elementor-element-0fe429c elementor-widget-divider--view-line elementor-widget elementor-widget-divider\" data-id=\"0fe429c\" data-element_type=\"widget\" data-widget_type=\"divider.default\">\n\t\t\t\t<div class=\"elementor-widget-container\">\n\t\t\t\t\t<div class=\"elementor-divider\">\n\t\t\t<span class=\"elementor-divider-separator\">\n\t\t\t\t\t\t<\/span>\n\t\t<\/div>\n\t\t\t\t<\/div>\n\t\t\t\t<\/div>\n\t\t\t\t<div class=\"elementor-element elementor-element-e1597fb elementor-widget elementor-widget-text-editor\" data-id=\"e1597fb\" data-element_type=\"widget\" data-widget_type=\"text-editor.default\">\n\t\t\t\t<div class=\"elementor-widget-container\">\n\t\t\t\t\t\t\t<p>La JCI \u00e8 riconosciuta dall\u2019Organizzazione Mondiale della Sanit\u00e0 (OMS) ed \u00e8 stata istituita per migliorare la qualit\u00e0, la sicurezza e l\u2019efficienza nel settore sanitario. Opera secondo un modello orientato al paziente, attraverso il quale valuta le strutture sanitarie, con particolare attenzione alla qualit\u00e0 e alla sicurezza del paziente. Grazie all\u2019accreditamento, soddisfiamo inoltre i requisiti stabiliti dall\u2019IGZ e dalle compagnie di assicurazione sanitaria.<\/p>\t\t\t\t\t\t<\/div>\n\t\t\t\t<\/div>\n\t\t\t\t\t<\/div>\n\t\t<\/div>\n\t\t\t\t\t<\/div>\n\t\t<\/section>\n\t\t\t\t<section class=\"elementor-section elementor-top-section elementor-element elementor-element-c5139d3 elementor-hidden-desktop elementor-hidden-tablet elementor-section-boxed elementor-section-height-default elementor-section-height-default\" data-id=\"c5139d3\" data-element_type=\"section\" data-settings=\"{&quot;background_background&quot;:&quot;classic&quot;}\">\n\t\t\t\t\t\t\t<div class=\"elementor-background-overlay\"><\/div>\n\t\t\t\t\t\t\t<div class=\"elementor-container elementor-column-gap-default\">\n\t\t\t\t\t<div class=\"elementor-column elementor-col-50 elementor-top-column elementor-element elementor-element-05f791f\" data-id=\"05f791f\" data-element_type=\"column\">\n\t\t\t<div class=\"elementor-widget-wrap elementor-element-populated\">\n\t\t\t\t\t\t<div class=\"elementor-element elementor-element-5caf063 elementor-widget-divider--view-line elementor-widget elementor-widget-divider\" data-id=\"5caf063\" data-element_type=\"widget\" data-widget_type=\"divider.default\">\n\t\t\t\t<div class=\"elementor-widget-container\">\n\t\t\t\t\t<div class=\"elementor-divider\">\n\t\t\t<span class=\"elementor-divider-separator\">\n\t\t\t\t\t\t<\/span>\n\t\t<\/div>\n\t\t\t\t<\/div>\n\t\t\t\t<\/div>\n\t\t\t\t<div class=\"elementor-element elementor-element-a031e7f elementor-widget elementor-widget-heading\" data-id=\"a031e7f\" data-element_type=\"widget\" data-widget_type=\"heading.default\">\n\t\t\t\t<div class=\"elementor-widget-container\">\n\t\t\t<h2 class=\"elementor-heading-title elementor-size-default\">JCI \u00e8 riconosciuta dall\u2019Organizzazione Mondiale della Sanit\u00e0 (OMS).<\/h2>\t\t<\/div>\n\t\t\t\t<\/div>\n\t\t\t\t<div class=\"elementor-element elementor-element-5215ab5 elementor-widget-divider--view-line elementor-widget elementor-widget-divider\" data-id=\"5215ab5\" data-element_type=\"widget\" data-widget_type=\"divider.default\">\n\t\t\t\t<div class=\"elementor-widget-container\">\n\t\t\t\t\t<div class=\"elementor-divider\">\n\t\t\t<span class=\"elementor-divider-separator\">\n\t\t\t\t\t\t<\/span>\n\t\t<\/div>\n\t\t\t\t<\/div>\n\t\t\t\t<\/div>\n\t\t\t\t<div class=\"elementor-element elementor-element-850702e elementor-widget elementor-widget-text-editor\" data-id=\"850702e\" data-element_type=\"widget\" data-widget_type=\"text-editor.default\">\n\t\t\t\t<div class=\"elementor-widget-container\">\n\t\t\t\t\t\t\t<p>La JCI \u00e8 riconosciuta dall\u2019Organizzazione Mondiale della Sanit\u00e0 (OMS) ed \u00e8 stata istituita per migliorare la qualit\u00e0, la sicurezza e l\u2019efficienza nel settore sanitario. Opera secondo un modello orientato al paziente, attraverso il quale valuta le strutture sanitarie, con particolare attenzione alla qualit\u00e0 e alla sicurezza del paziente. Grazie all\u2019accreditamento, soddisfiamo inoltre i requisiti stabiliti dall\u2019IGZ e dalle compagnie di assicurazione sanitaria.<\/p>\t\t\t\t\t\t<\/div>\n\t\t\t\t<\/div>\n\t\t\t\t\t<\/div>\n\t\t<\/div>\n\t\t\t\t<div class=\"elementor-column elementor-col-50 elementor-top-column elementor-element elementor-element-baaab81\" data-id=\"baaab81\" data-element_type=\"column\">\n\t\t\t<div class=\"elementor-widget-wrap elementor-element-populated\">\n\t\t\t\t\t\t<div class=\"elementor-element elementor-element-42fe887 elementor-widget elementor-widget-image\" data-id=\"42fe887\" data-element_type=\"widget\" data-widget_type=\"image.default\">\n\t\t\t\t<div class=\"elementor-widget-container\">\n\t\t\t\t\t\t\t\t\t\t\t\t\t<noscript><img decoding=\"async\" width=\"642\" height=\"478\" src=\"https:\/\/www.mercureistanbul.com\/wp-content\/uploads\/2022\/07\/unknown.png\" class=\"attachment-large size-large wp-image-2505\" alt srcset=\"https:\/\/www.mercureistanbul.com\/wp-content\/uploads\/2022\/07\/unknown.png 642w, https:\/\/www.mercureistanbul.com\/wp-content\/uploads\/2022\/07\/unknown-300x223.png 300w\" sizes=\"(max-width: 642px) 100vw, 642px\"><\/noscript><img decoding=\"async\" width=\"642\" height=\"478\" src=\"data:image\/svg+xml,%3Csvg%20xmlns%3D%22http%3A%2F%2Fwww.w3.org%2F2000%2Fsvg%22%20viewBox%3D%220%200%20642%20478%22%3E%3C%2Fsvg%3E\" class=\"attachment-large size-large wp-image-2505 lazyload\" alt srcset=\"data:image\/svg+xml,%3Csvg%20xmlns%3D%22http%3A%2F%2Fwww.w3.org%2F2000%2Fsvg%22%20viewBox%3D%220%200%20642%20478%22%3E%3C%2Fsvg%3E 642w\" sizes=\"(max-width: 642px) 100vw, 642px\" data-srcset=\"https:\/\/www.mercureistanbul.com\/wp-content\/uploads\/2022\/07\/unknown.png 642w, https:\/\/www.mercureistanbul.com\/wp-content\/uploads\/2022\/07\/unknown-300x223.png 300w\" data-src=\"https:\/\/www.mercureistanbul.com\/wp-content\/uploads\/2022\/07\/unknown.png\">\t\t\t\t\t\t\t\t\t\t\t\t\t<\/div>\n\t\t\t\t<\/div>\n\t\t\t\t\t<\/div>\n\t\t<\/div>\n\t\t\t\t\t<\/div>\n\t\t<\/section>\n\t\t\t\t<\/div>\n\t\t","protected":false},"excerpt":{"rendered":"<p>Accreditamento JCI, la tua garanzia di standard medici internazionali Mercure Istanbul Clinics opera secondo standard sanitari riconosciuti a livello globale in termini di sicurezza e qualit\u00e0. CONTATTACI Mercure Istanbul ha ottenuto la certificazione JCI Mercure Istanbul ha ottenuto la Certificazione JCI per la qualit\u00e0 e la sicurezza dell\u2019assistenza ai pazienti, della formazione e della ricerca. [&hellip;]<\/p>\n","protected":false},"author":1,"featured_media":0,"parent":0,"menu_order":0,"comment_status":"closed","ping_status":"closed","template":"elementor_header_footer","meta":{"_eb_attr":"","_monsterinsights_skip_tracking":false,"_monsterinsights_sitenote_active":false,"_monsterinsights_sitenote_note":"","_monsterinsights_sitenote_category":0,"ocean_post_layout":"","ocean_both_sidebars_style":"","ocean_both_sidebars_content_width":0,"ocean_both_sidebars_sidebars_width":0,"ocean_sidebar":"0","ocean_second_sidebar":"0","ocean_disable_margins":"enable","ocean_add_body_class":"","ocean_shortcode_before_top_bar":"","ocean_shortcode_after_top_bar":"","ocean_shortcode_before_header":"","ocean_shortcode_after_header":"","ocean_has_shortcode":"","ocean_shortcode_after_title":"","ocean_shortcode_before_footer_widgets":"","ocean_shortcode_after_footer_widgets":"","ocean_shortcode_before_footer_bottom":"","ocean_shortcode_after_footer_bottom":"","ocean_display_top_bar":"default","ocean_display_header":"default","ocean_header_style":"","ocean_center_header_left_menu":"0","ocean_custom_header_template":"0","ocean_custom_logo":0,"ocean_custom_retina_logo":0,"ocean_custom_logo_max_width":0,"ocean_custom_logo_tablet_max_width":0,"ocean_custom_logo_mobile_max_width":0,"ocean_custom_logo_max_height":0,"ocean_custom_logo_tablet_max_height":0,"ocean_custom_logo_mobile_max_height":0,"ocean_header_custom_menu":"0","ocean_menu_typo_font_family":"0","ocean_menu_typo_font_subset":"","ocean_menu_typo_font_size":0,"ocean_menu_typo_font_size_tablet":0,"ocean_menu_typo_font_size_mobile":0,"ocean_menu_typo_font_size_unit":"px","ocean_menu_typo_font_weight":"","ocean_menu_typo_font_weight_tablet":"","ocean_menu_typo_font_weight_mobile":"","ocean_menu_typo_transform":"","ocean_menu_typo_transform_tablet":"","ocean_menu_typo_transform_mobile":"","ocean_menu_typo_line_height":0,"ocean_menu_typo_line_height_tablet":0,"ocean_menu_typo_line_height_mobile":0,"ocean_menu_typo_line_height_unit":"","ocean_menu_typo_spacing":0,"ocean_menu_typo_spacing_tablet":0,"ocean_menu_typo_spacing_mobile":0,"ocean_menu_typo_spacing_unit":"","ocean_menu_link_color":"","ocean_menu_link_color_hover":"","ocean_menu_link_color_active":"","ocean_menu_link_background":"","ocean_menu_link_hover_background":"","ocean_menu_link_active_background":"","ocean_menu_social_links_bg":"","ocean_menu_social_hover_links_bg":"","ocean_menu_social_links_color":"","ocean_menu_social_hover_links_color":"","ocean_disable_title":"default","ocean_disable_heading":"default","ocean_post_title":"","ocean_post_subheading":"","ocean_post_title_style":"","ocean_post_title_background_color":"","ocean_post_title_background":0,"ocean_post_title_bg_image_position":"","ocean_post_title_bg_image_attachment":"","ocean_post_title_bg_image_repeat":"","ocean_post_title_bg_image_size":"","ocean_post_title_height":0,"ocean_post_title_bg_overlay":0.5,"ocean_post_title_bg_overlay_color":"","ocean_disable_breadcrumbs":"default","ocean_breadcrumbs_color":"","ocean_breadcrumbs_separator_color":"","ocean_breadcrumbs_links_color":"","ocean_breadcrumbs_links_hover_color":"","ocean_display_footer_widgets":"default","ocean_display_footer_bottom":"default","ocean_custom_footer_template":"0","_joinchat":[],"footnotes":""},"class_list":["post-15223","page","type-page","status-publish","hentry","entry"],"_links":{"self":[{"href":"https:\/\/www.mercureistanbul.com\/it\/wp-json\/wp\/v2\/pages\/15223","targetHints":{"allow":["GET"]}}],"collection":[{"href":"https:\/\/www.mercureistanbul.com\/it\/wp-json\/wp\/v2\/pages"}],"about":[{"href":"https:\/\/www.mercureistanbul.com\/it\/wp-json\/wp\/v2\/types\/page"}],"author":[{"embeddable":true,"href":"https:\/\/www.mercureistanbul.com\/it\/wp-json\/wp\/v2\/users\/1"}],"replies":[{"embeddable":true,"href":"https:\/\/www.mercureistanbul.com\/it\/wp-json\/wp\/v2\/comments?post=15223"}],"version-history":[{"count":3,"href":"https:\/\/www.mercureistanbul.com\/it\/wp-json\/wp\/v2\/pages\/15223\/revisions"}],"predecessor-version":[{"id":15373,"href":"https:\/\/www.mercureistanbul.com\/it\/wp-json\/wp\/v2\/pages\/15223\/revisions\/15373"}],"wp:attachment":[{"href":"https:\/\/www.mercureistanbul.com\/it\/wp-json\/wp\/v2\/media?parent=15223"}],"curies":[{"name":"wp","href":"https:\/\/api.w.org\/{rel}","templated":true}]}}