{"id":15247,"date":"2022-07-04T21:09:58","date_gmt":"2022-07-04T21:09:58","guid":{"rendered":"https:\/\/www.mercureistanbul.com\/hair-transplantation\/"},"modified":"2025-12-07T15:32:49","modified_gmt":"2025-12-07T15:32:49","slug":"trapianto-di-capelli","status":"publish","type":"page","link":"https:\/\/www.mercureistanbul.com\/it\/trapianto-di-capelli\/","title":{"rendered":"Trapianto di Capelli"},"content":{"rendered":"\t\t<div data-elementor-type=\"wp-page\" data-elementor-id=\"15247\" class=\"elementor elementor-15247\">\n\t\t\t\t\t\t<section class=\"elementor-section elementor-top-section elementor-element elementor-element-d359931 elementor-section-height-min-height elementor-section-boxed elementor-section-height-default elementor-section-items-middle\" data-id=\"d359931\" data-element_type=\"section\" data-settings=\"{&quot;background_background&quot;:&quot;gradient&quot;}\">\n\t\t\t\t\t\t\t<div class=\"elementor-background-overlay\"><\/div>\n\t\t\t\t\t\t\t<div class=\"elementor-container elementor-column-gap-default\">\n\t\t\t\t\t<div class=\"elementor-column elementor-col-100 elementor-top-column elementor-element elementor-element-26bd164\" data-id=\"26bd164\" data-element_type=\"column\" data-settings=\"{&quot;animation_mobile&quot;:&quot;fadeInUp&quot;}\">\n\t\t\t<div class=\"elementor-widget-wrap elementor-element-populated\">\n\t\t\t\t\t\t<div class=\"elementor-element elementor-element-52db93a elementor-widget elementor-widget-heading\" data-id=\"52db93a\" data-element_type=\"widget\" data-widget_type=\"heading.default\">\n\t\t\t\t<div class=\"elementor-widget-container\">\n\t\t\t<h2 class=\"elementor-heading-title elementor-size-default\"><b>Trapianto di Capelli presso Mercure Istanbul Clinics\u00ae<\/b>\n<\/h2>\t\t<\/div>\n\t\t\t\t<\/div>\n\t\t\t\t<div class=\"elementor-element elementor-element-3a5e3d9 elementor-widget-divider--view-line elementor-widget elementor-widget-divider\" data-id=\"3a5e3d9\" data-element_type=\"widget\" data-settings=\"{&quot;_animation_mobile&quot;:&quot;none&quot;}\" data-widget_type=\"divider.default\">\n\t\t\t\t<div class=\"elementor-widget-container\">\n\t\t\t\t\t<div class=\"elementor-divider\">\n\t\t\t<span class=\"elementor-divider-separator\">\n\t\t\t\t\t\t<\/span>\n\t\t<\/div>\n\t\t\t\t<\/div>\n\t\t\t\t<\/div>\n\t\t\t\t<div class=\"elementor-element elementor-element-d4da917 elementor-widget elementor-widget-text-editor\" data-id=\"d4da917\" data-element_type=\"widget\" data-widget_type=\"text-editor.default\">\n\t\t\t\t<div class=\"elementor-widget-container\">\n\t\t\t\t\t\t\t<strong>Tecniche moderne di trapianto di capelli, recupero e risultati naturali presso Mercure Istanbul Clinics.<\/strong>\n\t\t\t\t\t\t<\/div>\n\t\t\t\t<\/div>\n\t\t\t\t<div class=\"elementor-element elementor-element-bfe9627 elementor-mobile-align-center elementor-widget elementor-widget-button\" data-id=\"bfe9627\" data-element_type=\"widget\" data-widget_type=\"button.default\">\n\t\t\t\t<div class=\"elementor-widget-container\">\n\t\t\t\t\t\t\t<div class=\"elementor-button-wrapper\">\n\t\t\t\t\t<a class=\"elementor-button elementor-button-link elementor-size-sm\" href=\"http:\/\/wa.me\/905411548055\" target=\"_blank\" rel=\"noopener\">\n\t\t\t\t\t\t<span class=\"elementor-button-content-wrapper\">\n\t\t\t\t\t\t<span class=\"elementor-button-icon\">\n\t\t\t\t<i aria-hidden=\"true\" class=\"fas fa-chevron-circle-right\"><\/i>\t\t\t<\/span>\n\t\t\t\t\t\t\t\t\t<span class=\"elementor-button-text\">INIZIA LA TUA ANALISI DEI CAPELLI GRATUITA<\/span>\n\t\t\t\t\t<\/span>\n\t\t\t\t\t<\/a>\n\t\t\t\t<\/div>\n\t\t\t\t\t\t<\/div>\n\t\t\t\t<\/div>\n\t\t\t\t\t<\/div>\n\t\t<\/div>\n\t\t\t\t\t<\/div>\n\t\t<\/section>\n\t\t\t\t<section class=\"elementor-section elementor-top-section elementor-element elementor-element-941694e elementor-section-boxed elementor-section-height-default elementor-section-height-default\" data-id=\"941694e\" data-element_type=\"section\" data-settings=\"{&quot;background_background&quot;:&quot;classic&quot;}\">\n\t\t\t\t\t\t\t<div class=\"elementor-background-overlay\"><\/div>\n\t\t\t\t\t\t\t<div class=\"elementor-container elementor-column-gap-default\">\n\t\t\t\t\t<div class=\"elementor-column elementor-col-100 elementor-top-column elementor-element elementor-element-eda3729\" data-id=\"eda3729\" data-element_type=\"column\">\n\t\t\t<div class=\"elementor-widget-wrap elementor-element-populated\">\n\t\t\t\t\t\t<div class=\"elementor-element elementor-element-19a054c elementor-widget-divider--view-line elementor-widget elementor-widget-divider\" data-id=\"19a054c\" data-element_type=\"widget\" data-widget_type=\"divider.default\">\n\t\t\t\t<div class=\"elementor-widget-container\">\n\t\t\t\t\t<div class=\"elementor-divider\">\n\t\t\t<span class=\"elementor-divider-separator\">\n\t\t\t\t\t\t<\/span>\n\t\t<\/div>\n\t\t\t\t<\/div>\n\t\t\t\t<\/div>\n\t\t\t\t<div class=\"elementor-element elementor-element-895bbcf elementor-widget elementor-widget-heading\" data-id=\"895bbcf\" data-element_type=\"widget\" data-widget_type=\"heading.default\">\n\t\t\t\t<div class=\"elementor-widget-container\">\n\t\t\t<h2 class=\"elementor-heading-title elementor-size-default\">Che cos'\u00e8 un trapianto di capelli?\n<\/h2>\t\t<\/div>\n\t\t\t\t<\/div>\n\t\t\t\t<div class=\"elementor-element elementor-element-b6e8a04 elementor-widget-divider--view-line elementor-widget elementor-widget-divider\" data-id=\"b6e8a04\" data-element_type=\"widget\" data-widget_type=\"divider.default\">\n\t\t\t\t<div class=\"elementor-widget-container\">\n\t\t\t\t\t<div class=\"elementor-divider\">\n\t\t\t<span class=\"elementor-divider-separator\">\n\t\t\t\t\t\t<\/span>\n\t\t<\/div>\n\t\t\t\t<\/div>\n\t\t\t\t<\/div>\n\t\t\t\t<div class=\"elementor-element elementor-element-29eea58 elementor-widget elementor-widget-text-editor\" data-id=\"29eea58\" data-element_type=\"widget\" data-widget_type=\"text-editor.default\">\n\t\t\t\t<div class=\"elementor-widget-container\">\n\t\t\t\t\t\t\t<p><span style=\"font-weight: 400;\">Un trapianto di capelli pu\u00f2 essere definito come la \u201csoluzione permanente alla caduta dei capelli\u201d. Il trattamento di trapianto di capelli \u00e8 una procedura microchirurgica eseguita in un ambiente ospedaliero chirurgico. Il concetto di \u201ctrattamento microchirurgico\u201d indica che la procedura viene effettuata con interventi chirurgici minimi, a differenza della chirurgia tradizionale.<\/span><\/p><p><span style=\"font-weight: 400;\">Il trapianto di capelli rappresenta una soluzione efficace e permanente per le persone che soffrono di \u201ccalvizie androgenetica\u201d, nota anche come alopecia androgenetica. Oltre a ci\u00f2, possono sottoporsi in tutta sicurezza al trapianto di capelli anche le persone che presentano cicatrici o perdita di capelli dovuta a diverse patologie del cuoio capelluto.<\/span><\/p><h5 style=\"font-variant-ligatures: normal; font-variant-caps: normal; font-family: Poppins, Arial; font-style: normal;\"><span style=\"font-size: 15px; font-weight: 900; color: #36bcc7;\"><br \/><span style=\"font-size: 15px; font-weight: bold;\">IL TRAPIANTO DI CAPELLI FUE<\/span><\/span><\/h5><h5><span style=\"font-size: 14px; font-weight: 400; color: #000000;\">I trapianti di capelli hanno compiuto grandi progressi dalla loro nascita, ma \u00e8 solo a partire dalla met\u00e0 degli anni \u201990 che il settore ha iniziato a prendere la forma moderna oggi utilizzata in tutto il mondo. I primi trapianti eseguiti negli anni \u201990 con la tecnica FUT sono stati successivamente sostituiti dal metodo FUE, sviluppato all\u2019inizio degli anni 2000 e introdotto clinicamente nel 2005.<br \/><\/span><\/h5><p><span style=\"font-weight: 400;\">Sebbene la tecnica sia in continua evoluzione e perfezionamento, i principi fondamentali della FUE rimangono invariati. Ancora oggi questa tecnica \u00e8 considerata il gold standard nel settore del trapianto di capelli. Pertanto, la tecnica pi\u00f9 avanzata nel trapianto di capelli \u00e8 la FUE. Grazie alla moderna FUE, \u00e8 possibile ottenere risultati estremamente naturali e una ricrescita dei capelli dall\u2019aspetto autentico.<\/span><\/p><p><span style=\"font-weight: 400;\">La principale differenza tra la tecnica FUT e la FUE \u00e8 che la FUE non lascia cicatrici visibili e presenta tempi di recupero molto pi\u00f9 rapidi. L\u2019efficacia del trattamento \u00e8 inoltre aumentata grazie allo sviluppo continuo delle apparecchiature mediche utilizzate nella metodica FUE.<\/span><\/p><p><span style=\"font-size: 15px; font-weight: bold; color: #36bcc7;\">LA TECNICA FUE PU\u00d2 ESSERE ESEGUITA CON DIVERSI STRUMENTI.<\/span><\/p><p>Come risultato, la tecnica \u00e8 conosciuta con diversi nomi, tra cui:<\/p><ul><li><span style=\"font-weight: 400;\">FUE Classica (con micromotori)<\/span><\/li><li><span style=\"font-weight: 400;\">DHI-Choi (FUE eseguita con impianti Choi)<\/span><\/li><li><span style=\"font-weight: 400;\">FUE-Sapphire (FUE effettuata con lame in zaffiro)<\/span><\/li><\/ul><p><span style=\"font-weight: 400;\">Ad esempio, la tecnica FUE-Sapphire utilizza lame in zaffiro e consente di trapiantare un numero elevato di follicoli in una singola sessione. Rispetto alla FUE classica, i canali creati con lame in zaffiro \u2014 un materiale estremamente liscio \u2014 favoriscono una guarigione molto pi\u00f9 rapida e riducono al minimo la formazione di cicatrici. Inoltre, grazie alla FUE-Sapphire \u00e8 possibile impiantare un numero ancora maggiore di graft, garantendo risultati ancora pi\u00f9 naturali.<\/span><\/p><p><span style=\"font-weight: 400;\">La tecnica DHI si distingue particolarmente per il raggiungimento di densit\u00e0 elevate. Grazie agli speciali aghi Choi vengono ottenuti risultati estremamente naturali e soddisfacenti. Tuttavia, il metodo DHI-Choi non \u00e8 indicato per pazienti con calvizie avanzata ed \u00e8 generalmente consigliato a chi presenta una perdita di capelli lieve o moderata, con l\u2019obiettivo di aumentare la densit\u00e0.<\/span><\/p><h5 style=\"font-variant-ligatures: normal; font-variant-caps: normal; font-family: Poppins, Arial; font-style: normal;\"><span style=\"font-size: 15px; color: #36bcc7;\"><br \/><span style=\"font-size: 15px; font-weight: bold;\">PROCESSO DEL TRAPIANTO DI CAPELLI<\/span><\/span><\/h5><h5><span style=\"font-size: 14px; font-weight: 400; color: #000000;\">Ogni tecnica di trapianto di capelli segue 3 principi fondamentali:<br \/><\/span><\/h5><ul><li style=\"font-weight: 400;\" aria-level=\"1\"><span style=\"font-weight: 400;\">Prelievo dei follicoli piliferi<\/span><\/li><li style=\"font-weight: 400;\" aria-level=\"1\"><span style=\"font-weight: 400;\">Apertura dei canali<\/span><\/li><li style=\"font-weight: 400;\" aria-level=\"1\"><span style=\"font-weight: 400;\">Impianto dei follicoli piliferi<\/span><\/li><\/ul><h5 style=\"font-variant-ligatures: normal; font-variant-caps: normal; font-family: Poppins, Arial; font-style: normal;\"><span style=\"font-size: 15px; color: #36bcc7;\"><br \/><span style=\"font-size: 15px; font-weight: bold;\">PRELIEVO DEI FOLLICOLI PILIFERI<\/span><\/span><\/h5><h5><span style=\"font-size: 14px; font-weight: 400; color: #000000;\">Il metodo FUE consente il prelievo dei follicoli uno a uno mediante micro-punch estremamente sottili, garantendo un risultato estetico di alto livello e riducendo al minimo il trauma sul tessuto.<br \/><\/span><\/h5><p><span style=\"font-weight: 400;\">In base alla lunghezza delle unit\u00e0 follicolari, vengono utilizzati aghi con diametro tra 0,7 mm e 0,9 mm; per unit\u00e0 contenenti 3-4-5 capelli vengono invece impiegati aghi fino a 1,0 mm. La qualit\u00e0, l\u2019affilatura degli strumenti e l\u2019uso monouso per ogni paziente sono elementi fondamentali per il successo del trattamento.<\/span><\/p><p><span style=\"font-weight: 400;\">Un ulteriore fattore essenziale consiste nell\u2019estrazione dei follicoli con massima precisione per evitarne il danneggiamento. Nei casi di capelli ricci, ad esempio, il rischio viene eliminato grazie all\u2019utilizzo di punch curvi speciali denominati U-Graft. Tutti questi dettagli tecnici vengono pianificati dal medico prima dell\u2019intervento in base alle caratteristiche individuali del paziente.<\/span><\/p><h5 style=\"font-variant-ligatures: normal; font-variant-caps: normal; font-family: Poppins, Arial; font-style: normal;\"><span style=\"font-size: 15px; color: #36bcc7;\"><br \/><span style=\"font-size: 15px; font-weight: bold;\">APERTURA DEI CANALI<\/span><\/span><\/h5><h5><span style=\"font-size: 14px; font-weight: 400; color: #000000;\">Nella tecnica FUE classica vengono utilizzate lame in acciaio per creare i siti riceventi nell\u2019area interessata.<br \/><\/span><\/h5><p><span style=\"font-weight: 400;\">Oggi, nella FUE-Sapphire vengono impiegate lame in zaffiro molto pi\u00f9 affilate e lisce, che permettono una migliore gestione dell\u2019angolo e della direzione di impianto rispettando la naturale crescita dei capelli. Questo favorisce una guarigione pi\u00f9 rapida e precisa.<\/span><\/p><p><span style=\"font-weight: 400;\">In base allo spessore dei follicoli di ciascun paziente, vengono utilizzate poche punte monouso dedicate esclusivamente al singolo intervento.<\/span><\/p><h5 style=\"font-variant-ligatures: normal; font-variant-caps: normal; font-family: Poppins, Arial; font-style: normal;\"><span style=\"font-size: 15px; color: #36bcc7;\"><br \/><span style=\"font-size: 15px; font-weight: bold;\">IMPIANTO DEI FOLLICOLI PILIFERI<\/span><\/span><\/h5><h5><span style=\"font-size: 14px; font-weight: 400; color: #000000;\">La fase finale consiste nell\u2019impianto dei follicoli uno a uno negli incisions, con un\u2019inclinazione di circa 40\u201345 gradi per garantire una direzione naturale. Ogni fase del trattamento richiede competenze tecniche specifiche; tuttavia, l\u2019elemento pi\u00f9 determinante in tutte le fasi \u00e8 senza dubbio l\u2019esperienza del team medico.<br \/><\/span><\/h5>\t\t\t\t\t\t<\/div>\n\t\t\t\t<\/div>\n\t\t\t\t\t<\/div>\n\t\t<\/div>\n\t\t\t\t\t<\/div>\n\t\t<\/section>\n\t\t\t\t<section class=\"elementor-section elementor-top-section elementor-element elementor-element-4e8f09a elementor-section-boxed elementor-section-height-default elementor-section-height-default\" data-id=\"4e8f09a\" data-element_type=\"section\" data-settings=\"{&quot;background_background&quot;:&quot;classic&quot;}\">\n\t\t\t\t\t\t\t<div class=\"elementor-background-overlay\"><\/div>\n\t\t\t\t\t\t\t<div class=\"elementor-container elementor-column-gap-default\">\n\t\t\t\t\t<div class=\"elementor-column elementor-col-100 elementor-top-column elementor-element elementor-element-aa74c4e\" data-id=\"aa74c4e\" data-element_type=\"column\">\n\t\t\t<div class=\"elementor-widget-wrap elementor-element-populated\">\n\t\t\t\t\t\t<div class=\"elementor-element elementor-element-30e2aba elementor-widget-divider--view-line elementor-widget elementor-widget-divider\" data-id=\"30e2aba\" data-element_type=\"widget\" data-widget_type=\"divider.default\">\n\t\t\t\t<div class=\"elementor-widget-container\">\n\t\t\t\t\t<div class=\"elementor-divider\">\n\t\t\t<span class=\"elementor-divider-separator\">\n\t\t\t\t\t\t<\/span>\n\t\t<\/div>\n\t\t\t\t<\/div>\n\t\t\t\t<\/div>\n\t\t\t\t<div class=\"elementor-element elementor-element-ba53c24 elementor-widget elementor-widget-heading\" data-id=\"ba53c24\" data-element_type=\"widget\" data-widget_type=\"heading.default\">\n\t\t\t\t<div class=\"elementor-widget-container\">\n\t\t\t<h2 class=\"elementor-heading-title elementor-size-default\">I principi fondamentali del trapianto di capelli\n<\/h2>\t\t<\/div>\n\t\t\t\t<\/div>\n\t\t\t\t<div class=\"elementor-element elementor-element-6fa747c elementor-widget-divider--view-line elementor-widget elementor-widget-divider\" data-id=\"6fa747c\" data-element_type=\"widget\" data-widget_type=\"divider.default\">\n\t\t\t\t<div class=\"elementor-widget-container\">\n\t\t\t\t\t<div class=\"elementor-divider\">\n\t\t\t<span class=\"elementor-divider-separator\">\n\t\t\t\t\t\t<\/span>\n\t\t<\/div>\n\t\t\t\t<\/div>\n\t\t\t\t<\/div>\n\t\t\t\t<div class=\"elementor-element elementor-element-d393160 elementor-widget elementor-widget-text-editor\" data-id=\"d393160\" data-element_type=\"widget\" data-widget_type=\"text-editor.default\">\n\t\t\t\t<div class=\"elementor-widget-container\">\n\t\t\t\t\t\t\t<ul><li>Le persone di et\u00e0 compresa tra 18 e 70 anni possono sottoporsi a un trapianto di capelli.<\/li><li>Il paziente che si sottopone al trapianto necessita complessivamente di circa 3 giorni per la preparazione pre-operatoria e il recupero.<\/li><li>Sebbene la durata del trattamento dipenda dal numero di graft da trapiantare, l\u2019intervento ha generalmente una durata compresa tra 5 e 7 ore.<\/li><li>Per gestire eventuali complicazioni, il trattamento deve essere eseguito in una struttura ospedaliera completamente attrezzata.<\/li><li>Il trapianto di capelli viene eseguito da un medico e da almeno 2 specialisti sanitari qualificati.<\/li><li>Il risultato finale della crescita dei capelli pu\u00f2 essere visibile dopo circa 6\u201315 mesi. Gi\u00e0 dal giorno successivo al trattamento \u00e8 possibile osservare l\u2019inizio del processo di ricrescita, che prosegue fino al 15\u00ba mese.<\/li><\/ul>\t\t\t\t\t\t<\/div>\n\t\t\t\t<\/div>\n\t\t\t\t\t<\/div>\n\t\t<\/div>\n\t\t\t\t\t<\/div>\n\t\t<\/section>\n\t\t\t\t<section class=\"elementor-section elementor-top-section elementor-element elementor-element-ffa2181 elementor-section-boxed elementor-section-height-default elementor-section-height-default\" data-id=\"ffa2181\" data-element_type=\"section\" data-settings=\"{&quot;background_background&quot;:&quot;classic&quot;}\">\n\t\t\t\t\t\t\t<div class=\"elementor-background-overlay\"><\/div>\n\t\t\t\t\t\t\t<div class=\"elementor-container elementor-column-gap-default\">\n\t\t\t\t\t<div class=\"elementor-column elementor-col-100 elementor-top-column elementor-element elementor-element-c55a4e2\" data-id=\"c55a4e2\" data-element_type=\"column\">\n\t\t\t<div class=\"elementor-widget-wrap elementor-element-populated\">\n\t\t\t\t\t\t<div class=\"elementor-element elementor-element-df0fbb0 elementor-widget elementor-widget-heading\" data-id=\"df0fbb0\" data-element_type=\"widget\" data-widget_type=\"heading.default\">\n\t\t\t\t<div class=\"elementor-widget-container\">\n\t\t\t<h2 class=\"elementor-heading-title elementor-size-default\">I trapianti di capelli garantiscono un aspetto pi\u00f9 naturale e pi\u00f9 folto\n<\/h2>\t\t<\/div>\n\t\t\t\t<\/div>\n\t\t\t\t<div class=\"elementor-element elementor-element-e003c34 elementor-widget-divider--view-line elementor-widget elementor-widget-divider\" data-id=\"e003c34\" data-element_type=\"widget\" data-widget_type=\"divider.default\">\n\t\t\t\t<div class=\"elementor-widget-container\">\n\t\t\t\t\t<div class=\"elementor-divider\">\n\t\t\t<span class=\"elementor-divider-separator\">\n\t\t\t\t\t\t<\/span>\n\t\t<\/div>\n\t\t\t\t<\/div>\n\t\t\t\t<\/div>\n\t\t\t\t<div class=\"elementor-element elementor-element-4975e2e elementor-widget elementor-widget-text-editor\" data-id=\"4975e2e\" data-element_type=\"widget\" data-widget_type=\"text-editor.default\">\n\t\t\t\t<div class=\"elementor-widget-container\">\n\t\t\t\t\t\t\t<p>I trapianti di capelli garantiscono un aspetto pi\u00f9 naturale e pi\u00f9 folto. Rappresentano una soluzione permanente per il trattamento della perdita di capelli da moderata a severa. Si tratta di una tecnica confortevole, progettata per garantire al paziente il minimo disagio possibile e che non lascia cicatrici esterne dopo la procedura. I pazienti si riprendono rapidamente dopo il trattamento FUE e possono tornare facilmente alla loro vita quotidiana e viaggiare gi\u00e0 il giorno successivo.<\/p><p>Quando un trapianto di capelli viene pianificato correttamente, i follicoli dell\u2019area donatrice non subiscono alcun danno. Anche nel caso di trattamenti multipli eseguiti con le giuste modalit\u00e0, non si verificano alterazioni negative dell\u2019aspetto della persona.<\/p><p>Oltre all\u2019utilizzo delle tecniche e dei prodotti pi\u00f9 avanzati, \u00e8 fondamentale che i medici e il loro team dispongano di un\u2019elevata esperienza e professionalit\u00e0. L\u2019esperienza contribuisce in modo determinante al successo del trapianto di capelli. I risultati insoddisfacenti delle tecniche FUE non dipendono dalla metodologia in s\u00e9, ma dalla competenza del team che esegue il trattamento, evidenziando quanto sia essenziale che tali procedure vengano effettuate esclusivamente da medici specializzati.<\/p><p>I nostri dermatologi effettuano esami approfonditi, valutazioni precise e diagnosi accurate. Analizzano inoltre l\u2019idoneit\u00e0 del paziente al trattamento e forniscono istruzioni dettagliate e chiare su ci\u00f2 che deve essere fatto o evitato prima, durante e dopo l\u2019intervento.<\/p><p>I nostri specialisti si prendono cura della salute dei pazienti, non solo del risultato finale del trapianto di capelli.<\/p>\t\t\t\t\t\t<\/div>\n\t\t\t\t<\/div>\n\t\t\t\t\t<\/div>\n\t\t<\/div>\n\t\t\t\t\t<\/div>\n\t\t<\/section>\n\t\t\t\t<\/div>\n\t\t","protected":false},"excerpt":{"rendered":"<p>Trapianto di Capelli presso Mercure Istanbul Clinics\u00ae Tecniche moderne di trapianto di capelli, recupero e risultati naturali presso Mercure Istanbul Clinics. INIZIA LA TUA ANALISI DEI CAPELLI GRATUITA Che cos&#8217;\u00e8 un trapianto di capelli? Un trapianto di capelli pu\u00f2 essere definito come la \u201csoluzione permanente alla caduta dei capelli\u201d. Il trattamento di trapianto di capelli [&hellip;]<\/p>\n","protected":false},"author":1,"featured_media":0,"parent":0,"menu_order":0,"comment_status":"closed","ping_status":"closed","template":"elementor_header_footer","meta":{"_eb_attr":"","_monsterinsights_skip_tracking":false,"_monsterinsights_sitenote_active":false,"_monsterinsights_sitenote_note":"","_monsterinsights_sitenote_category":0,"ocean_post_layout":"","ocean_both_sidebars_style":"","ocean_both_sidebars_content_width":0,"ocean_both_sidebars_sidebars_width":0,"ocean_sidebar":"0","ocean_second_sidebar":"0","ocean_disable_margins":"enable","ocean_add_body_class":"","ocean_shortcode_before_top_bar":"","ocean_shortcode_after_top_bar":"","ocean_shortcode_before_header":"","ocean_shortcode_after_header":"","ocean_has_shortcode":"","ocean_shortcode_after_title":"","ocean_shortcode_before_footer_widgets":"","ocean_shortcode_after_footer_widgets":"","ocean_shortcode_before_footer_bottom":"","ocean_shortcode_after_footer_bottom":"","ocean_display_top_bar":"default","ocean_display_header":"default","ocean_header_style":"","ocean_center_header_left_menu":"0","ocean_custom_header_template":"0","ocean_custom_logo":0,"ocean_custom_retina_logo":0,"ocean_custom_logo_max_width":0,"ocean_custom_logo_tablet_max_width":0,"ocean_custom_logo_mobile_max_width":0,"ocean_custom_logo_max_height":0,"ocean_custom_logo_tablet_max_height":0,"ocean_custom_logo_mobile_max_height":0,"ocean_header_custom_menu":"0","ocean_menu_typo_font_family":"0","ocean_menu_typo_font_subset":"","ocean_menu_typo_font_size":0,"ocean_menu_typo_font_size_tablet":0,"ocean_menu_typo_font_size_mobile":0,"ocean_menu_typo_font_size_unit":"px","ocean_menu_typo_font_weight":"","ocean_menu_typo_font_weight_tablet":"","ocean_menu_typo_font_weight_mobile":"","ocean_menu_typo_transform":"","ocean_menu_typo_transform_tablet":"","ocean_menu_typo_transform_mobile":"","ocean_menu_typo_line_height":0,"ocean_menu_typo_line_height_tablet":0,"ocean_menu_typo_line_height_mobile":0,"ocean_menu_typo_line_height_unit":"","ocean_menu_typo_spacing":0,"ocean_menu_typo_spacing_tablet":0,"ocean_menu_typo_spacing_mobile":0,"ocean_menu_typo_spacing_unit":"","ocean_menu_link_color":"","ocean_menu_link_color_hover":"","ocean_menu_link_color_active":"","ocean_menu_link_background":"","ocean_menu_link_hover_background":"","ocean_menu_link_active_background":"","ocean_menu_social_links_bg":"","ocean_menu_social_hover_links_bg":"","ocean_menu_social_links_color":"","ocean_menu_social_hover_links_color":"","ocean_disable_title":"default","ocean_disable_heading":"default","ocean_post_title":"","ocean_post_subheading":"","ocean_post_title_style":"","ocean_post_title_background_color":"","ocean_post_title_background":0,"ocean_post_title_bg_image_position":"","ocean_post_title_bg_image_attachment":"","ocean_post_title_bg_image_repeat":"","ocean_post_title_bg_image_size":"","ocean_post_title_height":0,"ocean_post_title_bg_overlay":0.5,"ocean_post_title_bg_overlay_color":"","ocean_disable_breadcrumbs":"default","ocean_breadcrumbs_color":"","ocean_breadcrumbs_separator_color":"","ocean_breadcrumbs_links_color":"","ocean_breadcrumbs_links_hover_color":"","ocean_display_footer_widgets":"default","ocean_display_footer_bottom":"default","ocean_custom_footer_template":"0","_joinchat":[],"footnotes":""},"class_list":["post-15247","page","type-page","status-publish","hentry","entry"],"_links":{"self":[{"href":"https:\/\/www.mercureistanbul.com\/it\/wp-json\/wp\/v2\/pages\/15247","targetHints":{"allow":["GET"]}}],"collection":[{"href":"https:\/\/www.mercureistanbul.com\/it\/wp-json\/wp\/v2\/pages"}],"about":[{"href":"https:\/\/www.mercureistanbul.com\/it\/wp-json\/wp\/v2\/types\/page"}],"author":[{"embeddable":true,"href":"https:\/\/www.mercureistanbul.com\/it\/wp-json\/wp\/v2\/users\/1"}],"replies":[{"embeddable":true,"href":"https:\/\/www.mercureistanbul.com\/it\/wp-json\/wp\/v2\/comments?post=15247"}],"version-history":[{"count":4,"href":"https:\/\/www.mercureistanbul.com\/it\/wp-json\/wp\/v2\/pages\/15247\/revisions"}],"predecessor-version":[{"id":15488,"href":"https:\/\/www.mercureistanbul.com\/it\/wp-json\/wp\/v2\/pages\/15247\/revisions\/15488"}],"wp:attachment":[{"href":"https:\/\/www.mercureistanbul.com\/it\/wp-json\/wp\/v2\/media?parent=15247"}],"curies":[{"name":"wp","href":"https:\/\/api.w.org\/{rel}","templated":true}]}}