{"id":15256,"date":"2022-07-04T21:03:39","date_gmt":"2022-07-04T21:03:39","guid":{"rendered":"https:\/\/www.mercureistanbul.com\/beard-transplantation\/"},"modified":"2025-12-07T15:17:05","modified_gmt":"2025-12-07T15:17:05","slug":"trapianto-di-barba","status":"publish","type":"page","link":"https:\/\/www.mercureistanbul.com\/it\/trapianto-di-barba\/","title":{"rendered":"Trapianto di Barba"},"content":{"rendered":"<div data-elementor-type=\"wp-page\" data-elementor-id=\"15256\" class=\"elementor elementor-15256\">\n\t\t\t\t\t\t<section class=\"elementor-section elementor-top-section elementor-element elementor-element-47e0e8f elementor-section-height-min-height elementor-section-boxed elementor-section-height-default elementor-section-items-middle\" data-id=\"47e0e8f\" data-element_type=\"section\" data-settings=\"{&quot;background_background&quot;:&quot;gradient&quot;}\">\n\t\t\t\t\t\t\t<div class=\"elementor-background-overlay\"><\/div>\n\t\t\t\t\t\t\t<div class=\"elementor-container elementor-column-gap-default\">\n\t\t\t\t\t<div class=\"elementor-column elementor-col-100 elementor-top-column elementor-element elementor-element-e16e3aa\" data-id=\"e16e3aa\" data-element_type=\"column\" data-settings=\"{&quot;animation_mobile&quot;:&quot;fadeInUp&quot;}\">\n\t\t\t<div class=\"elementor-widget-wrap elementor-element-populated\">\n\t\t\t\t\t\t<div class=\"elementor-element elementor-element-72fea1a elementor-widget-divider--view-line elementor-widget elementor-widget-divider\" data-id=\"72fea1a\" data-element_type=\"widget\" data-widget_type=\"divider.default\">\n\t\t\t\t<div class=\"elementor-widget-container\">\n\t\t\t\t\t<div class=\"elementor-divider\">\n\t\t\t<span class=\"elementor-divider-separator\">\n\t\t\t\t\t\t<\/span>\n\t\t<\/div>\n\t\t\t\t<\/div>\n\t\t\t\t<\/div>\n\t\t\t\t<div class=\"elementor-element elementor-element-70212dc elementor-widget elementor-widget-heading\" data-id=\"70212dc\" data-element_type=\"widget\" data-widget_type=\"heading.default\">\n\t\t\t\t<div class=\"elementor-widget-container\">\n\t\t\t<h1 class=\"elementor-heading-title elementor-size-default\"><b>Trapianto di barba<\/b>\n<\/h1>\t\t<\/div>\n\t\t\t\t<\/div>\n\t\t\t\t<div class=\"elementor-element elementor-element-1090b02 elementor-widget-divider--view-line elementor-widget elementor-widget-divider\" data-id=\"1090b02\" data-element_type=\"widget\" data-settings=\"{&quot;_animation_mobile&quot;:&quot;none&quot;}\" data-widget_type=\"divider.default\">\n\t\t\t\t<div class=\"elementor-widget-container\">\n\t\t\t\t\t<div class=\"elementor-divider\">\n\t\t\t<span class=\"elementor-divider-separator\">\n\t\t\t\t\t\t<\/span>\n\t\t<\/div>\n\t\t\t\t<\/div>\n\t\t\t\t<\/div>\n\t\t\t\t<div class=\"elementor-element elementor-element-4d1f165 elementor-widget-laptop__width-initial elementor-widget-tablet__width-initial elementor-widget-mobile__width-initial elementor-widget elementor-widget-text-editor\" data-id=\"4d1f165\" data-element_type=\"widget\" data-widget_type=\"text-editor.default\">\n\t\t\t\t<div class=\"elementor-widget-container\">\n\t\t\t\t\t\t\t<p><strong>Trapianti di barba personalizzati e professionali eseguiti da chirurghi esperti, che garantiscono risultati naturali e un\u2019assistenza post-operatoria specializzata.<\/strong><\/p>\t\t\t\t\t\t<\/div>\n\t\t\t\t<\/div>\n\t\t\t\t<div class=\"elementor-element elementor-element-a8aaa3c elementor-mobile-align-center elementor-widget elementor-widget-button\" data-id=\"a8aaa3c\" data-element_type=\"widget\" data-widget_type=\"button.default\">\n\t\t\t\t<div class=\"elementor-widget-container\">\n\t\t\t\t\t\t\t<div class=\"elementor-button-wrapper\">\n\t\t\t\t\t<a class=\"elementor-button elementor-button-link elementor-size-sm\" href=\"http:\/\/wa.me\/905411548055\" target=\"_blank\" rel=\"noopener\">\n\t\t\t\t\t\t<span class=\"elementor-button-content-wrapper\">\n\t\t\t\t\t\t<span class=\"elementor-button-icon\">\n\t\t\t\t<i aria-hidden=\"true\" class=\"fas fa-chevron-circle-right\"><\/i>\t\t\t<\/span>\n\t\t\t\t\t\t\t\t\t<span class=\"elementor-button-text\">CONTATTACI<\/span>\n\t\t\t\t\t<\/span>\n\t\t\t\t\t<\/a>\n\t\t\t\t<\/div>\n\t\t\t\t\t\t<\/div>\n\t\t\t\t<\/div>\n\t\t\t\t\t<\/div>\n\t\t<\/div>\n\t\t\t\t\t<\/div>\n\t\t<\/section>\n\t\t\t\t<section class=\"elementor-section elementor-top-section elementor-element elementor-element-052609f elementor-section-boxed elementor-section-height-default elementor-section-height-default\" data-id=\"052609f\" data-element_type=\"section\" data-settings=\"{&quot;background_background&quot;:&quot;classic&quot;}\">\n\t\t\t\t\t\t\t<div class=\"elementor-background-overlay\"><\/div>\n\t\t\t\t\t\t\t<div class=\"elementor-container elementor-column-gap-default\">\n\t\t\t\t\t<div class=\"elementor-column elementor-col-100 elementor-top-column elementor-element elementor-element-2020a94\" data-id=\"2020a94\" data-element_type=\"column\">\n\t\t\t<div class=\"elementor-widget-wrap elementor-element-populated\">\n\t\t\t\t\t\t<div class=\"elementor-element elementor-element-2f1f021 elementor-widget-divider--view-line elementor-widget elementor-widget-divider\" data-id=\"2f1f021\" data-element_type=\"widget\" data-widget_type=\"divider.default\">\n\t\t\t\t<div class=\"elementor-widget-container\">\n\t\t\t\t\t<div class=\"elementor-divider\">\n\t\t\t<span class=\"elementor-divider-separator\">\n\t\t\t\t\t\t<\/span>\n\t\t<\/div>\n\t\t\t\t<\/div>\n\t\t\t\t<\/div>\n\t\t\t\t<div class=\"elementor-element elementor-element-498b7e8 elementor-widget elementor-widget-heading\" data-id=\"498b7e8\" data-element_type=\"widget\" data-widget_type=\"heading.default\">\n\t\t\t\t<div class=\"elementor-widget-container\">\n\t\t\t<h2 class=\"elementor-heading-title elementor-size-default\">IL TRAPIANTO DI BARBA\n<\/h2>\t\t<\/div>\n\t\t\t\t<\/div>\n\t\t\t\t<div class=\"elementor-element elementor-element-7dd1723 elementor-widget-divider--view-line elementor-widget elementor-widget-divider\" data-id=\"7dd1723\" data-element_type=\"widget\" data-widget_type=\"divider.default\">\n\t\t\t\t<div class=\"elementor-widget-container\">\n\t\t\t\t\t<div class=\"elementor-divider\">\n\t\t\t<span class=\"elementor-divider-separator\">\n\t\t\t\t\t\t<\/span>\n\t\t<\/div>\n\t\t\t\t<\/div>\n\t\t\t\t<\/div>\n\t\t\t\t<div class=\"elementor-element elementor-element-baefb51 elementor-widget-laptop__width-initial elementor-widget elementor-widget-text-editor\" data-id=\"baefb51\" data-element_type=\"widget\" data-widget_type=\"text-editor.default\">\n\t\t\t\t<div class=\"elementor-widget-container\">\n\t\t\t\t\t\t\t<p>Con la recente crescita della moda maschile legata a barba e baffi, molti uomini che non riescono ad ottenere l\u2019aspetto desiderato si sentono insoddisfatti e si rivolgono alle cliniche specializzate per il trapianto di barba. Per molti uomini, barba e baffi rappresentano elementi fondamentali della propria immagine.<\/p>\n\n<p>Che sia dovuto a traumi, interventi chirurgici o altre cause, l\u2019impossibilit\u00e0 di far crescere i peli del viso rappresenta un problema per numerosi uomini. Molti riferiscono che la mancanza di barba o baffi pu\u00f2 influire negativamente sull\u2019autostima e che desiderano un aspetto pi\u00f9 maschile e definito.<\/p>\n\n<p>Con lo sviluppo e la specializzazione nel settore del trapianto di capelli, iniziati nel nostro Paese negli anni \u201990, \u00e8 stato possibile trovare una soluzione efficace anche per i problemi legati a barba e baffi, parallelamente a quelli relativi ai capelli.<\/p>\n\t\t\t\t\t\t<\/div>\n\t\t\t\t<\/div>\n\t\t\t\t\t<\/div>\n\t\t<\/div>\n\t\t\t\t\t<\/div>\n\t\t<\/section>\n\t\t\t\t<section class=\"elementor-section elementor-top-section elementor-element elementor-element-36a6a84 elementor-section-boxed elementor-section-height-default elementor-section-height-default\" data-id=\"36a6a84\" data-element_type=\"section\" data-settings=\"{&quot;background_background&quot;:&quot;classic&quot;}\">\n\t\t\t\t\t\t\t<div class=\"elementor-background-overlay\"><\/div>\n\t\t\t\t\t\t\t<div class=\"elementor-container elementor-column-gap-default\">\n\t\t\t\t\t<div class=\"elementor-column elementor-col-100 elementor-top-column elementor-element elementor-element-5f3d738\" data-id=\"5f3d738\" data-element_type=\"column\">\n\t\t\t<div class=\"elementor-widget-wrap elementor-element-populated\">\n\t\t\t\t\t\t<div class=\"elementor-element elementor-element-a73e059 elementor-widget-divider--view-line elementor-widget elementor-widget-divider\" data-id=\"a73e059\" data-element_type=\"widget\" data-widget_type=\"divider.default\">\n\t\t\t\t<div class=\"elementor-widget-container\">\n\t\t\t\t\t<div class=\"elementor-divider\">\n\t\t\t<span class=\"elementor-divider-separator\">\n\t\t\t\t\t\t<\/span>\n\t\t<\/div>\n\t\t\t\t<\/div>\n\t\t\t\t<\/div>\n\t\t\t\t<div class=\"elementor-element elementor-element-1fea13c elementor-widget elementor-widget-heading\" data-id=\"1fea13c\" data-element_type=\"widget\" data-widget_type=\"heading.default\">\n\t\t\t\t<div class=\"elementor-widget-container\">\n\t\t\t<h2 class=\"elementor-heading-title elementor-size-default\">COME FUNZIONA IL TRAPIANTO DI BARBA?\n<\/h2>\t\t<\/div>\n\t\t\t\t<\/div>\n\t\t\t\t<div class=\"elementor-element elementor-element-ca9234e elementor-widget-divider--view-line elementor-widget elementor-widget-divider\" data-id=\"ca9234e\" data-element_type=\"widget\" data-widget_type=\"divider.default\">\n\t\t\t\t<div class=\"elementor-widget-container\">\n\t\t\t\t\t<div class=\"elementor-divider\">\n\t\t\t<span class=\"elementor-divider-separator\">\n\t\t\t\t\t\t<\/span>\n\t\t<\/div>\n\t\t\t\t<\/div>\n\t\t\t\t<\/div>\n\t\t\t\t<div class=\"elementor-element elementor-element-6015456 elementor-widget elementor-widget-text-editor\" data-id=\"6015456\" data-element_type=\"widget\" data-widget_type=\"text-editor.default\">\n\t\t\t\t<div class=\"elementor-widget-container\">\n\t\t\t\t\t\t\t<p>Come nel trapianto di capelli, i follicoli vengono prelevati dall\u2019area donatrice (nuca) tramite la tecnica FUE e impiantati con uno speciale ago per barba e baffi con un\u2019inclinazione di 35\u201340 gradi. Applicata in questo modo, la barba risulta del tutto indistinguibile da quella naturale.<\/p>\n\n<p>Il disegno viene realizzato in base al modello desiderato dal paziente e valutato dal nostro team, tenendo conto della struttura del viso e della tipologia della pelle.<\/p>\n\n<p>La barba e i baffi, che continuano a crescere normalmente dopo il trapianto, possono essere accorciati con le forbici a partire dal 15\u00b0 giorno. La prima rasatura completa \u00e8 consigliata dopo almeno 1 mese, per consentire un corretto fissaggio delle radici.<\/p>\n\n<p>Il trapianto di barba \u00e8 una procedura chirurgica ambulatoriale che consente di aumentare la densit\u00e0 dei follicoli nelle aree di barba, baffi e basette, con l\u2019obiettivo di incrementare il volume, uniformare la crescita dei peli e migliorare l\u2019aspetto complessivo del viso.<\/p>\n\n<p>I follicoli vengono impiantati uno ad uno nell\u2019area da trattare grazie all\u2019utilizzo di uno strumento medico chiamato \u201cimplanter\u201d, esattamente come avviene nel trapianto di capelli.<\/p>\n\t\t\t\t\t\t<\/div>\n\t\t\t\t<\/div>\n\t\t\t\t\t<\/div>\n\t\t<\/div>\n\t\t\t\t\t<\/div>\n\t\t<\/section>\n\t\t\t\t<section class=\"elementor-section elementor-top-section elementor-element elementor-element-3e344ba elementor-section-boxed elementor-section-height-default elementor-section-height-default\" data-id=\"3e344ba\" data-element_type=\"section\" data-settings=\"{&quot;background_background&quot;:&quot;classic&quot;}\">\n\t\t\t\t\t\t<div class=\"elementor-container elementor-column-gap-default\">\n\t\t\t\t\t<div class=\"elementor-column elementor-col-100 elementor-top-column elementor-element elementor-element-e5d4f3e\" data-id=\"e5d4f3e\" data-element_type=\"column\">\n\t\t\t<div class=\"elementor-widget-wrap elementor-element-populated\">\n\t\t\t\t\t\t<div class=\"elementor-element elementor-element-21d335f elementor-widget__width-initial elementor-widget-tablet__width-initial elementor-widget-mobile__width-inherit elementor-widget-laptop__width-initial elementor-widget elementor-widget-image\" data-id=\"21d335f\" data-element_type=\"widget\" data-widget_type=\"image.default\">\n\t\t\t\t<div class=\"elementor-widget-container\">\n\t\t\t\t\t\t\t\t\t\t\t\t\t<noscript><img fetchpriority=\"high\" decoding=\"async\" width=\"1229\" height=\"385\" src=\"https:\/\/www.mercureistanbul.com\/wp-content\/uploads\/2022\/08\/2c69ec27-f2c3-4cec-9395-6ff2ba977c8d.jpg\" class=\"attachment-1536x1536 size-1536x1536 wp-image-5157\" alt srcset=\"https:\/\/www.mercureistanbul.com\/wp-content\/uploads\/2022\/08\/2c69ec27-f2c3-4cec-9395-6ff2ba977c8d.jpg 1229w, https:\/\/www.mercureistanbul.com\/wp-content\/uploads\/2022\/08\/2c69ec27-f2c3-4cec-9395-6ff2ba977c8d-300x94.jpg 300w, https:\/\/www.mercureistanbul.com\/wp-content\/uploads\/2022\/08\/2c69ec27-f2c3-4cec-9395-6ff2ba977c8d-1024x321.jpg 1024w, https:\/\/www.mercureistanbul.com\/wp-content\/uploads\/2022\/08\/2c69ec27-f2c3-4cec-9395-6ff2ba977c8d-768x241.jpg 768w\" sizes=\"(max-width: 1229px) 100vw, 1229px\"><\/noscript><img fetchpriority=\"high\" decoding=\"async\" width=\"1229\" height=\"385\" src=\"data:image\/svg+xml,%3Csvg%20xmlns%3D%22http%3A%2F%2Fwww.w3.org%2F2000%2Fsvg%22%20viewBox%3D%220%200%201229%20385%22%3E%3C%2Fsvg%3E\" class=\"attachment-1536x1536 size-1536x1536 wp-image-5157 lazyload\" alt srcset=\"data:image\/svg+xml,%3Csvg%20xmlns%3D%22http%3A%2F%2Fwww.w3.org%2F2000%2Fsvg%22%20viewBox%3D%220%200%201229%20385%22%3E%3C%2Fsvg%3E 1229w\" sizes=\"(max-width: 1229px) 100vw, 1229px\" data-srcset=\"https:\/\/www.mercureistanbul.com\/wp-content\/uploads\/2022\/08\/2c69ec27-f2c3-4cec-9395-6ff2ba977c8d.jpg 1229w, https:\/\/www.mercureistanbul.com\/wp-content\/uploads\/2022\/08\/2c69ec27-f2c3-4cec-9395-6ff2ba977c8d-300x94.jpg 300w, https:\/\/www.mercureistanbul.com\/wp-content\/uploads\/2022\/08\/2c69ec27-f2c3-4cec-9395-6ff2ba977c8d-1024x321.jpg 1024w, https:\/\/www.mercureistanbul.com\/wp-content\/uploads\/2022\/08\/2c69ec27-f2c3-4cec-9395-6ff2ba977c8d-768x241.jpg 768w\" data-src=\"https:\/\/www.mercureistanbul.com\/wp-content\/uploads\/2022\/08\/2c69ec27-f2c3-4cec-9395-6ff2ba977c8d.jpg\">\t\t\t\t\t\t\t\t\t\t\t\t\t<\/div>\n\t\t\t\t<\/div>\n\t\t\t\t\t<\/div>\n\t\t<\/div>\n\t\t\t\t\t<\/div>\n\t\t<\/section>\n\t\t\t\t<section class=\"elementor-section elementor-top-section elementor-element elementor-element-b5d2548 elementor-section-boxed elementor-section-height-default elementor-section-height-default\" data-id=\"b5d2548\" data-element_type=\"section\" data-settings=\"{&quot;background_background&quot;:&quot;classic&quot;}\">\n\t\t\t\t\t\t\t<div class=\"elementor-background-overlay\"><\/div>\n\t\t\t\t\t\t\t<div class=\"elementor-container elementor-column-gap-default\">\n\t\t\t\t\t<div class=\"elementor-column elementor-col-100 elementor-top-column elementor-element elementor-element-fd88570\" data-id=\"fd88570\" data-element_type=\"column\">\n\t\t\t<div class=\"elementor-widget-wrap elementor-element-populated\">\n\t\t\t\t\t\t<div class=\"elementor-element elementor-element-89db8ad elementor-widget-divider--view-line elementor-widget elementor-widget-divider\" data-id=\"89db8ad\" data-element_type=\"widget\" data-widget_type=\"divider.default\">\n\t\t\t\t<div class=\"elementor-widget-container\">\n\t\t\t\t\t<div class=\"elementor-divider\">\n\t\t\t<span class=\"elementor-divider-separator\">\n\t\t\t\t\t\t<\/span>\n\t\t<\/div>\n\t\t\t\t<\/div>\n\t\t\t\t<\/div>\n\t\t\t\t<div class=\"elementor-element elementor-element-1a5464c elementor-widget elementor-widget-heading\" data-id=\"1a5464c\" data-element_type=\"widget\" data-widget_type=\"heading.default\">\n\t\t\t\t<div class=\"elementor-widget-container\">\n\t\t\t<h2 class=\"elementor-heading-title elementor-size-default\">Le fasi del trapianto di barba:\n<\/h2>\t\t<\/div>\n\t\t\t\t<\/div>\n\t\t\t\t<div class=\"elementor-element elementor-element-048faeb elementor-widget-divider--view-line elementor-widget elementor-widget-divider\" data-id=\"048faeb\" data-element_type=\"widget\" data-widget_type=\"divider.default\">\n\t\t\t\t<div class=\"elementor-widget-container\">\n\t\t\t\t\t<div class=\"elementor-divider\">\n\t\t\t<span class=\"elementor-divider-separator\">\n\t\t\t\t\t\t<\/span>\n\t\t<\/div>\n\t\t\t\t<\/div>\n\t\t\t\t<\/div>\n\t\t\t\t<div class=\"elementor-element elementor-element-8144c56 elementor-widget elementor-widget-text-editor\" data-id=\"8144c56\" data-element_type=\"widget\" data-widget_type=\"text-editor.default\">\n\t\t\t\t<div class=\"elementor-widget-container\">\n\t\t\t\t\t\t\t<!-- wp:paragraph -->\n<ul>\n<li>\n<h3><strong><span style=\"color: #36bcc7;\">Consulenza e pianificazione<\/span><\/strong><\/h3>\n<\/li>\n<li>\n<h3><strong><span style=\"color: #36bcc7;\">Prelievo dei graft (follicoli piliferi)<\/span><\/strong><\/h3>\n<\/li>\n<li>\n<h3><strong><span style=\"color: #36bcc7;\">Impianto dei graft<\/span><\/strong><\/h3>\n<\/li>\n<li>\n<h3><strong><span style=\"color: #36bcc7;\">Assistenza post-operatoria<\/span><\/strong><\/h3>\n<\/li>\n<\/ul>\n<!-- \/wp:paragraph --><!-- wp:paragraph -->\n<p>I pazienti effettuano inizialmente una consulenza personale con il medico per valutare l\u2019area donatrice e quella ricevente e stabilire l\u2019idoneit\u00e0 al trapianto di barba. Questo permette di stimare il numero di follicoli necessari e quanti ne possono essere prelevati per ottenere il risultato desiderato.<\/p>\n<!-- \/wp:paragraph --><!-- wp:paragraph -->\n<p>Successivamente viene progettato il disegno di barba e baffi in base alle preferenze e alle esigenze del paziente. \u00c8 fondamentale che il design sia in armonia con la struttura del viso, le caratteristiche etniche e l\u2019et\u00e0 della persona.<\/p>\n<!-- \/wp:paragraph --><!-- wp:paragraph -->\n<p>In sala operatoria i follicoli vengono dapprima estratti. In seguito vengono impiantati nella zona di barba e baffi, a seconda delle aree in cui il paziente desidera aumentare il volume dei peli del viso. L\u2019intera procedura viene eseguita in anestesia locale ed \u00e8 possibile abbinare una sedazione leggera su richiesta del paziente.<\/p>\n<!-- \/wp:paragraph --><!-- wp:paragraph -->\n<p>La durata dell\u2019intervento varia tra le 3 e le 6 ore, a seconda del caso specifico del paziente. Il periodo di recupero \u00e8 di circa 10 giorni. Nei primi giorni dopo il trapianto di barba pu\u00f2 comparire un leggero prurito nell\u2019area trattata. Per garantire il miglior risultato possibile, \u00e8 fondamentale evitare di strofinare i follicoli impiantati.<\/p>\n<!-- \/wp:paragraph --><!-- wp:paragraph -->\n<p>I primi risultati iniziano a essere visibili dopo circa tre mesi, mentre il risultato definitivo si manifesta tra i 6 e i 12 mesi. Gi\u00e0 dal terzo mese iniziano a crescere nuovi peli sul viso e dal sesto mese il volume della barba risulta pi\u00f9 evidente. A un anno dal trapianto, il paziente pu\u00f2 apprezzare al massimo il design pianificato e godere pienamente del risultato finale.<\/p>\n<!-- \/wp:paragraph --><!-- wp:paragraph -->\n<p>Come nel trapianto di capelli, durante la procedura non si avverte dolore e non rimangono cicatrici. Tuttavia, solo i pazienti con un\u2019area donatrice sufficientemente densa sono idonei al trattamento; chi presenta una zona donatrice debole o diradata purtroppo non pu\u00f2 essere considerato un candidato adatto.<\/p>\n<!-- \/wp:paragraph --><!-- wp:paragraph -->\n<p>Indubbiamente, come per tutti i trapianti di capelli, l\u2019impianto di barba migliora sensibilmente l\u2019immagine della persona e, in molti casi, pu\u00f2 persino donare un aspetto pi\u00f9 giovane.<\/p>\n<!-- \/wp:paragraph -->\n<p>&nbsp;<\/p>\t\t\t\t\t\t<\/div>\n\t\t\t\t<\/div>\n\t\t\t\t\t<\/div>\n\t\t<\/div>\n\t\t\t\t\t<\/div>\n\t\t<\/section>\n\t\t\t\t<\/div>\n\t\t","protected":false},"excerpt":{"rendered":"<p>Trapianto di barba Trapianti di barba personalizzati e professionali eseguiti da chirurghi esperti, che garantiscono risultati naturali e un\u2019assistenza post-operatoria specializzata. CONTATTACI IL TRAPIANTO DI BARBA Con la recente crescita della moda maschile legata a barba e baffi, molti uomini che non riescono ad ottenere l\u2019aspetto desiderato si sentono insoddisfatti e si rivolgono alle cliniche [&hellip;]<\/p>\n","protected":false},"author":1,"featured_media":0,"parent":0,"menu_order":0,"comment_status":"closed","ping_status":"closed","template":"elementor_header_footer","meta":{"_eb_attr":"","_monsterinsights_skip_tracking":false,"_monsterinsights_sitenote_active":false,"_monsterinsights_sitenote_note":"","_monsterinsights_sitenote_category":0,"ocean_post_layout":"","ocean_both_sidebars_style":"","ocean_both_sidebars_content_width":0,"ocean_both_sidebars_sidebars_width":0,"ocean_sidebar":"0","ocean_second_sidebar":"0","ocean_disable_margins":"enable","ocean_add_body_class":"","ocean_shortcode_before_top_bar":"","ocean_shortcode_after_top_bar":"","ocean_shortcode_before_header":"","ocean_shortcode_after_header":"","ocean_has_shortcode":"","ocean_shortcode_after_title":"","ocean_shortcode_before_footer_widgets":"","ocean_shortcode_after_footer_widgets":"","ocean_shortcode_before_footer_bottom":"","ocean_shortcode_after_footer_bottom":"","ocean_display_top_bar":"default","ocean_display_header":"default","ocean_header_style":"","ocean_center_header_left_menu":"0","ocean_custom_header_template":"0","ocean_custom_logo":0,"ocean_custom_retina_logo":0,"ocean_custom_logo_max_width":0,"ocean_custom_logo_tablet_max_width":0,"ocean_custom_logo_mobile_max_width":0,"ocean_custom_logo_max_height":0,"ocean_custom_logo_tablet_max_height":0,"ocean_custom_logo_mobile_max_height":0,"ocean_header_custom_menu":"0","ocean_menu_typo_font_family":"0","ocean_menu_typo_font_subset":"","ocean_menu_typo_font_size":0,"ocean_menu_typo_font_size_tablet":0,"ocean_menu_typo_font_size_mobile":0,"ocean_menu_typo_font_size_unit":"px","ocean_menu_typo_font_weight":"","ocean_menu_typo_font_weight_tablet":"","ocean_menu_typo_font_weight_mobile":"","ocean_menu_typo_transform":"","ocean_menu_typo_transform_tablet":"","ocean_menu_typo_transform_mobile":"","ocean_menu_typo_line_height":0,"ocean_menu_typo_line_height_tablet":0,"ocean_menu_typo_line_height_mobile":0,"ocean_menu_typo_line_height_unit":"","ocean_menu_typo_spacing":0,"ocean_menu_typo_spacing_tablet":0,"ocean_menu_typo_spacing_mobile":0,"ocean_menu_typo_spacing_unit":"","ocean_menu_link_color":"","ocean_menu_link_color_hover":"","ocean_menu_link_color_active":"","ocean_menu_link_background":"","ocean_menu_link_hover_background":"","ocean_menu_link_active_background":"","ocean_menu_social_links_bg":"","ocean_menu_social_hover_links_bg":"","ocean_menu_social_links_color":"","ocean_menu_social_hover_links_color":"","ocean_disable_title":"default","ocean_disable_heading":"default","ocean_post_title":"","ocean_post_subheading":"","ocean_post_title_style":"","ocean_post_title_background_color":"","ocean_post_title_background":0,"ocean_post_title_bg_image_position":"","ocean_post_title_bg_image_attachment":"","ocean_post_title_bg_image_repeat":"","ocean_post_title_bg_image_size":"","ocean_post_title_height":0,"ocean_post_title_bg_overlay":0.5,"ocean_post_title_bg_overlay_color":"","ocean_disable_breadcrumbs":"default","ocean_breadcrumbs_color":"","ocean_breadcrumbs_separator_color":"","ocean_breadcrumbs_links_color":"","ocean_breadcrumbs_links_hover_color":"","ocean_display_footer_widgets":"default","ocean_display_footer_bottom":"default","ocean_custom_footer_template":"0","_joinchat":[],"footnotes":""},"class_list":["post-15256","page","type-page","status-publish","hentry","entry"],"_links":{"self":[{"href":"https:\/\/www.mercureistanbul.com\/it\/wp-json\/wp\/v2\/pages\/15256","targetHints":{"allow":["GET"]}}],"collection":[{"href":"https:\/\/www.mercureistanbul.com\/it\/wp-json\/wp\/v2\/pages"}],"about":[{"href":"https:\/\/www.mercureistanbul.com\/it\/wp-json\/wp\/v2\/types\/page"}],"author":[{"embeddable":true,"href":"https:\/\/www.mercureistanbul.com\/it\/wp-json\/wp\/v2\/users\/1"}],"replies":[{"embeddable":true,"href":"https:\/\/www.mercureistanbul.com\/it\/wp-json\/wp\/v2\/comments?post=15256"}],"version-history":[{"count":4,"href":"https:\/\/www.mercureistanbul.com\/it\/wp-json\/wp\/v2\/pages\/15256\/revisions"}],"predecessor-version":[{"id":15459,"href":"https:\/\/www.mercureistanbul.com\/it\/wp-json\/wp\/v2\/pages\/15256\/revisions\/15459"}],"wp:attachment":[{"href":"https:\/\/www.mercureistanbul.com\/it\/wp-json\/wp\/v2\/media?parent=15256"}],"curies":[{"name":"wp","href":"https:\/\/api.w.org\/{rel}","templated":true}]}}