{"id":15258,"date":"2022-07-04T21:03:02","date_gmt":"2022-07-04T21:03:02","guid":{"rendered":"https:\/\/www.mercureistanbul.com\/dhi-hair-transplant-turkey\/"},"modified":"2025-12-07T15:27:17","modified_gmt":"2025-12-07T15:27:17","slug":"trapianto-capelli-dhi","status":"publish","type":"page","link":"https:\/\/www.mercureistanbul.com\/it\/trapianto-capelli-dhi\/","title":{"rendered":"Trapianto di Capelli DHI"},"content":{"rendered":"\t\t<div data-elementor-type=\"wp-page\" data-elementor-id=\"15258\" class=\"elementor elementor-15258\">\n\t\t\t\t\t\t<section class=\"elementor-section elementor-top-section elementor-element elementor-element-62bafbd elementor-section-height-min-height elementor-section-boxed elementor-section-height-default elementor-section-items-middle\" data-id=\"62bafbd\" data-element_type=\"section\" data-settings=\"{&quot;background_background&quot;:&quot;gradient&quot;}\">\n\t\t\t\t\t\t\t<div class=\"elementor-background-overlay\"><\/div>\n\t\t\t\t\t\t\t<div class=\"elementor-container elementor-column-gap-default\">\n\t\t\t\t\t<div class=\"elementor-column elementor-col-100 elementor-top-column elementor-element elementor-element-23d7696\" data-id=\"23d7696\" data-element_type=\"column\" data-settings=\"{&quot;animation_mobile&quot;:&quot;fadeInUp&quot;}\">\n\t\t\t<div class=\"elementor-widget-wrap elementor-element-populated\">\n\t\t\t\t\t\t<div class=\"elementor-element elementor-element-e45d854 elementor-widget-divider--view-line elementor-widget elementor-widget-divider\" data-id=\"e45d854\" data-element_type=\"widget\" data-widget_type=\"divider.default\">\n\t\t\t\t<div class=\"elementor-widget-container\">\n\t\t\t\t\t<div class=\"elementor-divider\">\n\t\t\t<span class=\"elementor-divider-separator\">\n\t\t\t\t\t\t<\/span>\n\t\t<\/div>\n\t\t\t\t<\/div>\n\t\t\t\t<\/div>\n\t\t\t\t<div class=\"elementor-element elementor-element-922f8ea elementor-widget elementor-widget-heading\" data-id=\"922f8ea\" data-element_type=\"widget\" data-widget_type=\"heading.default\">\n\t\t\t\t<div class=\"elementor-widget-container\">\n\t\t\t<h2 class=\"elementor-heading-title elementor-size-default\"><b>TRAPIANTO DI CAPELLI DHI \u2013 Istanbul<\/b>\n<\/h2>\t\t<\/div>\n\t\t\t\t<\/div>\n\t\t\t\t<div class=\"elementor-element elementor-element-6f90c83 elementor-widget-divider--view-line elementor-widget elementor-widget-divider\" data-id=\"6f90c83\" data-element_type=\"widget\" data-settings=\"{&quot;_animation_mobile&quot;:&quot;none&quot;}\" data-widget_type=\"divider.default\">\n\t\t\t\t<div class=\"elementor-widget-container\">\n\t\t\t\t\t<div class=\"elementor-divider\">\n\t\t\t<span class=\"elementor-divider-separator\">\n\t\t\t\t\t\t<\/span>\n\t\t<\/div>\n\t\t\t\t<\/div>\n\t\t\t\t<\/div>\n\t\t\t\t<div class=\"elementor-element elementor-element-10970fd elementor-widget__width-initial elementor-widget-laptop__width-initial elementor-widget-tablet__width-initial elementor-widget-mobile__width-initial elementor-widget elementor-widget-text-editor\" data-id=\"10970fd\" data-element_type=\"widget\" data-widget_type=\"text-editor.default\">\n\t\t\t\t<div class=\"elementor-widget-container\">\n\t\t\t\t\t\t\t<p><strong>Trapianto diretto dei capelli eseguito da chirurghi esperti a Istanbul.<\/strong><\/p>\n\t\t\t\t\t\t<\/div>\n\t\t\t\t<\/div>\n\t\t\t\t<div class=\"elementor-element elementor-element-17a993c elementor-mobile-align-center elementor-widget elementor-widget-button\" data-id=\"17a993c\" data-element_type=\"widget\" data-widget_type=\"button.default\">\n\t\t\t\t<div class=\"elementor-widget-container\">\n\t\t\t\t\t\t\t<div class=\"elementor-button-wrapper\">\n\t\t\t\t\t<a class=\"elementor-button elementor-button-link elementor-size-sm\" href=\"http:\/\/wa.me\/905411548055\" target=\"_blank\" rel=\"noopener\">\n\t\t\t\t\t\t<span class=\"elementor-button-content-wrapper\">\n\t\t\t\t\t\t<span class=\"elementor-button-icon\">\n\t\t\t\t<i aria-hidden=\"true\" class=\"fas fa-chevron-circle-right\"><\/i>\t\t\t<\/span>\n\t\t\t\t\t\t\t\t\t<span class=\"elementor-button-text\">INIZIA LA TUA ANALISI GRATUITA DEI CAPELLI<\/span>\n\t\t\t\t\t<\/span>\n\t\t\t\t\t<\/a>\n\t\t\t\t<\/div>\n\t\t\t\t\t\t<\/div>\n\t\t\t\t<\/div>\n\t\t\t\t\t<\/div>\n\t\t<\/div>\n\t\t\t\t\t<\/div>\n\t\t<\/section>\n\t\t\t\t<section class=\"elementor-section elementor-top-section elementor-element elementor-element-73c3824 elementor-section-boxed elementor-section-height-default elementor-section-height-default\" data-id=\"73c3824\" data-element_type=\"section\" data-settings=\"{&quot;background_background&quot;:&quot;classic&quot;}\">\n\t\t\t\t\t\t\t<div class=\"elementor-background-overlay\"><\/div>\n\t\t\t\t\t\t\t<div class=\"elementor-container elementor-column-gap-default\">\n\t\t\t\t\t<div class=\"elementor-column elementor-col-100 elementor-top-column elementor-element elementor-element-3e26f78\" data-id=\"3e26f78\" data-element_type=\"column\">\n\t\t\t<div class=\"elementor-widget-wrap elementor-element-populated\">\n\t\t\t\t\t\t<div class=\"elementor-element elementor-element-3b6b66e elementor-widget-divider--view-line elementor-widget elementor-widget-divider\" data-id=\"3b6b66e\" data-element_type=\"widget\" data-widget_type=\"divider.default\">\n\t\t\t\t<div class=\"elementor-widget-container\">\n\t\t\t\t\t<div class=\"elementor-divider\">\n\t\t\t<span class=\"elementor-divider-separator\">\n\t\t\t\t\t\t<\/span>\n\t\t<\/div>\n\t\t\t\t<\/div>\n\t\t\t\t<\/div>\n\t\t\t\t<div class=\"elementor-element elementor-element-9c25053 elementor-widget elementor-widget-heading\" data-id=\"9c25053\" data-element_type=\"widget\" data-widget_type=\"heading.default\">\n\t\t\t\t<div class=\"elementor-widget-container\">\n\t\t\t<h2 class=\"elementor-heading-title elementor-size-default\">TRAPIANTO DI CAPELLI DHI, DHI-CHOI, UNA DELLE NUOVE TECNOLOGIE\n<\/h2>\t\t<\/div>\n\t\t\t\t<\/div>\n\t\t\t\t<div class=\"elementor-element elementor-element-b34a242 elementor-widget-divider--view-line elementor-widget elementor-widget-divider\" data-id=\"b34a242\" data-element_type=\"widget\" data-widget_type=\"divider.default\">\n\t\t\t\t<div class=\"elementor-widget-container\">\n\t\t\t\t\t<div class=\"elementor-divider\">\n\t\t\t<span class=\"elementor-divider-separator\">\n\t\t\t\t\t\t<\/span>\n\t\t<\/div>\n\t\t\t\t<\/div>\n\t\t\t\t<\/div>\n\t\t\t\t<div class=\"elementor-element elementor-element-5a85d0e elementor-widget-laptop__width-initial elementor-widget elementor-widget-text-editor\" data-id=\"5a85d0e\" data-element_type=\"widget\" data-widget_type=\"text-editor.default\">\n\t\t\t\t<div class=\"elementor-widget-container\">\n\t\t\t\t\t\t\t<p>DHI significa \u201cDirect Hair Implantation\u201d (impianto diretto dei capelli). In questo metodo, i graft vengono prelevati con il pennino medico Choi, utilizzabile esclusivamente da specialisti qualificati. Il Choi Implanter Pen \u00e8 dotato di una punta cilindrica estremamente sottile e affilata.<\/p>\n<p>Grazie alla penna Choi, i follicoli prelevati vengono impiantati direttamente nel cuoio capelluto senza la necessit\u00e0 di effettuare incisioni o di aprire canali. Mentre le tecniche FUE-Classic e FUE-Sapphire prevedono 3 fasi operative, la tecnica DHI si svolge in 2 fasi. La fase di apertura dei canali viene eliminata e l\u2019impianto avviene direttamente.<\/p>\n<p><noscript><img fetchpriority=\"high\" decoding=\"async\" class=\"aligncenter wp-image-6102\" src=\"https:\/\/mercureistanbul.com\/wp-content\/uploads\/2022\/08\/6774ab12-05c4-4f28-9c09-b71125cc225b-270x300.jpg\" alt width=\"250\" height=\"278\" srcset=\"https:\/\/www.mercureistanbul.com\/wp-content\/uploads\/2022\/08\/6774ab12-05c4-4f28-9c09-b71125cc225b-270x300.jpg 270w, https:\/\/www.mercureistanbul.com\/wp-content\/uploads\/2022\/08\/6774ab12-05c4-4f28-9c09-b71125cc225b.jpg 317w\" sizes=\"(max-width: 250px) 100vw, 250px\" \/><\/noscript><img decoding=\"async\" class=\"aligncenter wp-image-6102 lazyload\" src=\"data:image\/svg+xml,%3Csvg%20xmlns%3D%22http%3A%2F%2Fwww.w3.org%2F2000%2Fsvg%22%20viewBox%3D%220%200%20250%20278%22%3E%3C%2Fsvg%3E\" alt width=\"250\" height=\"278\" data-src=\"https:\/\/mercureistanbul.com\/wp-content\/uploads\/2022\/08\/6774ab12-05c4-4f28-9c09-b71125cc225b-270x300.jpg\"><\/p>\n<p>L\u2019obiettivo del trattamento \u00e8 migliorare la qualit\u00e0 del trapianto di capelli, ottenere un aspetto pi\u00f9 denso e compatto e consentire al paziente di tornare rapidamente alla vita quotidiana senza perdere l\u2019immagine naturale dei capelli esistenti per un lungo periodo. Consigliamo questa tecnica esclusivamente ai pazienti che non presentano una perdita di capelli in fase avanzata.<\/p>\t\t\t\t\t\t<\/div>\n\t\t\t\t<\/div>\n\t\t\t\t\t<\/div>\n\t\t<\/div>\n\t\t\t\t\t<\/div>\n\t\t<\/section>\n\t\t\t\t<section class=\"elementor-section elementor-top-section elementor-element elementor-element-606f013 elementor-section-boxed elementor-section-height-default elementor-section-height-default\" data-id=\"606f013\" data-element_type=\"section\" data-settings=\"{&quot;background_background&quot;:&quot;classic&quot;}\">\n\t\t\t\t\t\t\t<div class=\"elementor-background-overlay\"><\/div>\n\t\t\t\t\t\t\t<div class=\"elementor-container elementor-column-gap-default\">\n\t\t\t\t\t<div class=\"elementor-column elementor-col-100 elementor-top-column elementor-element elementor-element-38a725f\" data-id=\"38a725f\" data-element_type=\"column\">\n\t\t\t<div class=\"elementor-widget-wrap elementor-element-populated\">\n\t\t\t\t\t\t<div class=\"elementor-element elementor-element-58546ba elementor-widget elementor-widget-heading\" data-id=\"58546ba\" data-element_type=\"widget\" data-widget_type=\"heading.default\">\n\t\t\t\t<div class=\"elementor-widget-container\">\n\t\t\t<h2 class=\"elementor-heading-title elementor-size-default\">Le fasi del trapianto di capelli DHI-Choi\n<\/h2>\t\t<\/div>\n\t\t\t\t<\/div>\n\t\t\t\t<div class=\"elementor-element elementor-element-e4918c1 elementor-widget-divider--view-line elementor-widget elementor-widget-divider\" data-id=\"e4918c1\" data-element_type=\"widget\" data-widget_type=\"divider.default\">\n\t\t\t\t<div class=\"elementor-widget-container\">\n\t\t\t\t\t<div class=\"elementor-divider\">\n\t\t\t<span class=\"elementor-divider-separator\">\n\t\t\t\t\t\t<\/span>\n\t\t<\/div>\n\t\t\t\t<\/div>\n\t\t\t\t<\/div>\n\t\t\t\t<div class=\"elementor-element elementor-element-298ba92 elementor-widget-laptop__width-initial elementor-widget elementor-widget-text-editor\" data-id=\"298ba92\" data-element_type=\"widget\" data-widget_type=\"text-editor.default\">\n\t\t\t\t<div class=\"elementor-widget-container\">\n\t\t\t\t\t\t\t<p>I follicoli piliferi prelevati durante il trapianto di capelli, eseguito tramite la penna Choi Implanter, vengono inseriti uno ad uno all\u2019interno dello strumento. Questa operazione deve essere effettuata con la massima attenzione e precisione. Una volta che gli assistenti addetti al caricamento hanno posizionato ciascun follicolo nella penna, i graft vengono consegnati al medico specializzato per l\u2019impianto. A questo punto, il medico impianta i follicoli con un\u2019inclinazione compresa tra i 40 e i 45 gradi, considerata quella pi\u00f9 idonea per ottenere risultati naturali.<\/p>\n<p>Oltre all\u2019angolazione corretta, \u00e8 fondamentale che l\u2019impianto venga effettuato seguendo la direzione naturale dei capelli gi\u00e0 presenti del paziente, garantendo cos\u00ec un aspetto armonioso e realistico.<\/p>\n<p><noscript><img decoding=\"async\" class=\"aligncenter wp-image-6101\" src=\"https:\/\/mercureistanbul.com\/wp-content\/uploads\/2022\/08\/eb793dfa-9669-4a07-8385-f8bc35a08588-1024x336.jpg\" alt width=\"400\" height=\"131\" srcset=\"https:\/\/www.mercureistanbul.com\/wp-content\/uploads\/2022\/08\/eb793dfa-9669-4a07-8385-f8bc35a08588-1024x336.jpg 1024w, https:\/\/www.mercureistanbul.com\/wp-content\/uploads\/2022\/08\/eb793dfa-9669-4a07-8385-f8bc35a08588-300x98.jpg 300w, https:\/\/www.mercureistanbul.com\/wp-content\/uploads\/2022\/08\/eb793dfa-9669-4a07-8385-f8bc35a08588-768x252.jpg 768w, https:\/\/www.mercureistanbul.com\/wp-content\/uploads\/2022\/08\/eb793dfa-9669-4a07-8385-f8bc35a08588.jpg 1080w\" sizes=\"(max-width: 400px) 100vw, 400px\" \/><\/noscript><img loading=\"lazy\" decoding=\"async\" class=\"aligncenter wp-image-6101 lazyload\" src=\"data:image\/svg+xml,%3Csvg%20xmlns%3D%22http%3A%2F%2Fwww.w3.org%2F2000%2Fsvg%22%20viewBox%3D%220%200%20400%20131%22%3E%3C%2Fsvg%3E\" alt width=\"400\" height=\"131\" data-src=\"https:\/\/mercureistanbul.com\/wp-content\/uploads\/2022\/08\/eb793dfa-9669-4a07-8385-f8bc35a08588-1024x336.jpg\"><\/p>\n<p>&nbsp;<\/p>\n<p>Durante l\u2019intervento vengono utilizzate da 2 a 6 penne Choi e in media da 15 a 16 punte Choi. Le dimensioni delle punte possono variare e vengono scelte in base alle caratteristiche dei follicoli piliferi e allo spessore dei capelli del paziente.<\/p>\t\t\t\t\t\t<\/div>\n\t\t\t\t<\/div>\n\t\t\t\t\t<\/div>\n\t\t<\/div>\n\t\t\t\t\t<\/div>\n\t\t<\/section>\n\t\t\t\t<section class=\"elementor-section elementor-top-section elementor-element elementor-element-658e328 elementor-section-boxed elementor-section-height-default elementor-section-height-default\" data-id=\"658e328\" data-element_type=\"section\" data-settings=\"{&quot;background_background&quot;:&quot;classic&quot;}\">\n\t\t\t\t\t\t\t<div class=\"elementor-background-overlay\"><\/div>\n\t\t\t\t\t\t\t<div class=\"elementor-container elementor-column-gap-default\">\n\t\t\t\t\t<div class=\"elementor-column elementor-col-100 elementor-top-column elementor-element elementor-element-86cd97b\" data-id=\"86cd97b\" data-element_type=\"column\">\n\t\t\t<div class=\"elementor-widget-wrap elementor-element-populated\">\n\t\t\t\t\t\t<div class=\"elementor-element elementor-element-fe9e7e6 elementor-widget elementor-widget-heading\" data-id=\"fe9e7e6\" data-element_type=\"widget\" data-widget_type=\"heading.default\">\n\t\t\t\t<div class=\"elementor-widget-container\">\n\t\t\t<h2 class=\"elementor-heading-title elementor-size-default\">Pro e contro del trapianto di capelli DHI\n<\/h2>\t\t<\/div>\n\t\t\t\t<\/div>\n\t\t\t\t<div class=\"elementor-element elementor-element-ff51920 elementor-widget-divider--view-line elementor-widget elementor-widget-divider\" data-id=\"ff51920\" data-element_type=\"widget\" data-widget_type=\"divider.default\">\n\t\t\t\t<div class=\"elementor-widget-container\">\n\t\t\t\t\t<div class=\"elementor-divider\">\n\t\t\t<span class=\"elementor-divider-separator\">\n\t\t\t\t\t\t<\/span>\n\t\t<\/div>\n\t\t\t\t<\/div>\n\t\t\t\t<\/div>\n\t\t\t\t<div class=\"elementor-element elementor-element-c97f1c8 elementor-widget elementor-widget-text-editor\" data-id=\"c97f1c8\" data-element_type=\"widget\" data-widget_type=\"text-editor.default\">\n\t\t\t\t<div class=\"elementor-widget-container\">\n\t\t\t\t\t\t\t<p><!-- \/wp:paragraph --><!-- wp:paragraph --><\/p>\n<p><!-- wp:paragraph --><\/p>\n<p><!-- \/wp:paragraph --><!-- wp:paragraph --><\/p>\n<p><!-- \/wp:paragraph --><!-- wp:paragraph --><\/p>\n<p><!-- \/wp:paragraph --><!-- wp:paragraph --><\/p>\n<p>Il metodo di trapianto di capelli DHI-Choi presenta diversi vantaggi e svantaggi rispetto alla tecnica FUE-Sapphire.<\/p>\n<p><!-- \/wp:paragraph --><!-- wp:paragraph --><\/p>\n<p><span style=\"color: #36bcc7;\"><strong>Vantaggi della tecnica DHI-Choi:<\/strong><\/span><\/p>\n<p><!-- \/wp:paragraph --><!-- wp:paragraph --><\/p>\n<ul>\n<li>Il recupero post-operatorio \u00e8 pi\u00f9 rapido, consentendo al paziente di tornare facilmente alla propria routine quotidiana in breve tempo.<\/li>\n<li>Riduce al minimo il tempo durante il quale i follicoli rimangono al di fuori dei tessuti, garantendo un impianto pi\u00f9 sano.<\/li>\n<li>Il tasso di sopravvivenza dei follicoli \u00e8 leggermente superiore. Grazie alla penna Choi, il tempo di attesa dei follicoli si riduce, minimizzando la perdita follicolare.<\/li>\n<li>Poich\u00e9 l\u2019area di incisione \u00e8 pi\u00f9 piccola, anche il rischio di sanguinamento risulta ridotto.<\/li>\n<li>Con questo metodo \u00e8 possibile effettuare pi\u00f9 facilmente un trapianto senza rasatura, permettendo al paziente di tornare alla vita quotidiana senza alterare l\u2019aspetto naturale dei capelli esistenti.<\/li>\n<\/ul>\n<p><!-- \/wp:paragraph --><!-- wp:paragraph --><\/p>\n<p><span style=\"color: #36bcc7;\"><strong>Svantaggi rispetto al metodo FUE:<\/strong><\/span><\/p>\n<p><!-- \/wp:paragraph --><!-- wp:paragraph --><\/p>\n<ul>\n<li>Sia il medico che il team di assistenti devono possedere elevata competenza ed esperienza specifica per applicare correttamente questa tecnica.<\/li>\n<li>\u00c8 una metodologia pi\u00f9 costosa rispetto ad altre tecniche di trapianto di capelli.<\/li>\n<li>Il trapianto su aree gi\u00e0 coperte da capelli comporta uno spazio operativo molto ridotto; se il medico non dispone di sufficiente esperienza, durante il lavoro in queste zone ristrette la penna Choi potrebbe danneggiare altri follicoli.<\/li>\n<li>Non \u00e8 consigliata per pazienti affetti da alopecia in stadio avanzato.<\/li>\n<\/ul>\n<p><!-- \/wp:paragraph --><\/p>\n<p><!-- \/wp:paragraph --><\/p>\t\t\t\t\t\t<\/div>\n\t\t\t\t<\/div>\n\t\t\t\t\t<\/div>\n\t\t<\/div>\n\t\t\t\t\t<\/div>\n\t\t<\/section>\n\t\t\t\t<\/div>\n\t\t","protected":false},"excerpt":{"rendered":"<p>TRAPIANTO DI CAPELLI DHI \u2013 Istanbul Trapianto diretto dei capelli eseguito da chirurghi esperti a Istanbul. INIZIA LA TUA ANALISI GRATUITA DEI CAPELLI TRAPIANTO DI CAPELLI DHI, DHI-CHOI, UNA DELLE NUOVE TECNOLOGIE DHI significa \u201cDirect Hair Implantation\u201d (impianto diretto dei capelli). In questo metodo, i graft vengono prelevati con il pennino medico Choi, utilizzabile esclusivamente [&hellip;]<\/p>\n","protected":false},"author":1,"featured_media":0,"parent":0,"menu_order":0,"comment_status":"closed","ping_status":"closed","template":"elementor_header_footer","meta":{"_eb_attr":"","_monsterinsights_skip_tracking":false,"_monsterinsights_sitenote_active":false,"_monsterinsights_sitenote_note":"","_monsterinsights_sitenote_category":0,"ocean_post_layout":"","ocean_both_sidebars_style":"","ocean_both_sidebars_content_width":0,"ocean_both_sidebars_sidebars_width":0,"ocean_sidebar":"0","ocean_second_sidebar":"0","ocean_disable_margins":"enable","ocean_add_body_class":"","ocean_shortcode_before_top_bar":"","ocean_shortcode_after_top_bar":"","ocean_shortcode_before_header":"","ocean_shortcode_after_header":"","ocean_has_shortcode":"","ocean_shortcode_after_title":"","ocean_shortcode_before_footer_widgets":"","ocean_shortcode_after_footer_widgets":"","ocean_shortcode_before_footer_bottom":"","ocean_shortcode_after_footer_bottom":"","ocean_display_top_bar":"default","ocean_display_header":"default","ocean_header_style":"","ocean_center_header_left_menu":"0","ocean_custom_header_template":"0","ocean_custom_logo":0,"ocean_custom_retina_logo":0,"ocean_custom_logo_max_width":0,"ocean_custom_logo_tablet_max_width":0,"ocean_custom_logo_mobile_max_width":0,"ocean_custom_logo_max_height":0,"ocean_custom_logo_tablet_max_height":0,"ocean_custom_logo_mobile_max_height":0,"ocean_header_custom_menu":"0","ocean_menu_typo_font_family":"0","ocean_menu_typo_font_subset":"","ocean_menu_typo_font_size":0,"ocean_menu_typo_font_size_tablet":0,"ocean_menu_typo_font_size_mobile":0,"ocean_menu_typo_font_size_unit":"px","ocean_menu_typo_font_weight":"","ocean_menu_typo_font_weight_tablet":"","ocean_menu_typo_font_weight_mobile":"","ocean_menu_typo_transform":"","ocean_menu_typo_transform_tablet":"","ocean_menu_typo_transform_mobile":"","ocean_menu_typo_line_height":0,"ocean_menu_typo_line_height_tablet":0,"ocean_menu_typo_line_height_mobile":0,"ocean_menu_typo_line_height_unit":"","ocean_menu_typo_spacing":0,"ocean_menu_typo_spacing_tablet":0,"ocean_menu_typo_spacing_mobile":0,"ocean_menu_typo_spacing_unit":"","ocean_menu_link_color":"","ocean_menu_link_color_hover":"","ocean_menu_link_color_active":"","ocean_menu_link_background":"","ocean_menu_link_hover_background":"","ocean_menu_link_active_background":"","ocean_menu_social_links_bg":"","ocean_menu_social_hover_links_bg":"","ocean_menu_social_links_color":"","ocean_menu_social_hover_links_color":"","ocean_disable_title":"default","ocean_disable_heading":"default","ocean_post_title":"","ocean_post_subheading":"","ocean_post_title_style":"","ocean_post_title_background_color":"","ocean_post_title_background":0,"ocean_post_title_bg_image_position":"","ocean_post_title_bg_image_attachment":"","ocean_post_title_bg_image_repeat":"","ocean_post_title_bg_image_size":"","ocean_post_title_height":0,"ocean_post_title_bg_overlay":0.5,"ocean_post_title_bg_overlay_color":"","ocean_disable_breadcrumbs":"default","ocean_breadcrumbs_color":"","ocean_breadcrumbs_separator_color":"","ocean_breadcrumbs_links_color":"","ocean_breadcrumbs_links_hover_color":"","ocean_display_footer_widgets":"default","ocean_display_footer_bottom":"default","ocean_custom_footer_template":"0","_joinchat":[],"footnotes":""},"class_list":["post-15258","page","type-page","status-publish","hentry","entry"],"_links":{"self":[{"href":"https:\/\/www.mercureistanbul.com\/it\/wp-json\/wp\/v2\/pages\/15258","targetHints":{"allow":["GET"]}}],"collection":[{"href":"https:\/\/www.mercureistanbul.com\/it\/wp-json\/wp\/v2\/pages"}],"about":[{"href":"https:\/\/www.mercureistanbul.com\/it\/wp-json\/wp\/v2\/types\/page"}],"author":[{"embeddable":true,"href":"https:\/\/www.mercureistanbul.com\/it\/wp-json\/wp\/v2\/users\/1"}],"replies":[{"embeddable":true,"href":"https:\/\/www.mercureistanbul.com\/it\/wp-json\/wp\/v2\/comments?post=15258"}],"version-history":[{"count":4,"href":"https:\/\/www.mercureistanbul.com\/it\/wp-json\/wp\/v2\/pages\/15258\/revisions"}],"predecessor-version":[{"id":15480,"href":"https:\/\/www.mercureistanbul.com\/it\/wp-json\/wp\/v2\/pages\/15258\/revisions\/15480"}],"wp:attachment":[{"href":"https:\/\/www.mercureistanbul.com\/it\/wp-json\/wp\/v2\/media?parent=15258"}],"curies":[{"name":"wp","href":"https:\/\/api.w.org\/{rel}","templated":true}]}}